{"id":84,"date":"2024-09-29T06:45:07","date_gmt":"2024-09-29T11:45:07","guid":{"rendered":"https:\/\/scm.org.co\/web\/?page_id=84"},"modified":"2025-03-20T13:05:03","modified_gmt":"2025-03-20T18:05:03","slug":"circulos-matematicos","status":"publish","type":"page","link":"https:\/\/scm.org.co\/web\/circulos-matematicos\/","title":{"rendered":"C\u00edrculos Matem\u00e1ticos"},"content":{"rendered":"\t\t<div data-elementor-type=\"wp-page\" data-elementor-id=\"84\" class=\"elementor elementor-84\" data-elementor-post-type=\"page\">\n\t\t\t\t<div class=\"elementor-element elementor-element-eb11dc5 e-flex e-con-boxed e-con e-parent\" data-id=\"eb11dc5\" data-element_type=\"container\" data-settings=\"{&quot;jet_parallax_layout_list&quot;:[]}\">\n\t\t\t\t\t<div class=\"e-con-inner\">\n\t\t<div class=\"elementor-element elementor-element-48f98fb e-con-full e-flex e-con e-child\" data-id=\"48f98fb\" data-element_type=\"container\" data-settings=\"{&quot;background_background&quot;:&quot;classic&quot;,&quot;jet_parallax_layout_list&quot;:[]}\">\n\t\t\t\t<\/div>\n\t\t<div class=\"elementor-element elementor-element-d880318 e-con-full e-flex e-con e-child\" data-id=\"d880318\" data-element_type=\"container\" data-settings=\"{&quot;background_background&quot;:&quot;slideshow&quot;,&quot;background_slideshow_gallery&quot;:[{&quot;id&quot;:2083,&quot;url&quot;:&quot;https:\\\/\\\/scm.org.co\\\/web\\\/wp-content\\\/uploads\\\/2025\\\/02\\\/Banner-Circulos-Matematicos.png&quot;}],&quot;jet_parallax_layout_list&quot;:[],&quot;background_slideshow_loop&quot;:&quot;yes&quot;,&quot;background_slideshow_slide_duration&quot;:5000,&quot;background_slideshow_slide_transition&quot;:&quot;fade&quot;,&quot;background_slideshow_transition_duration&quot;:500}\">\n\t\t\t\t<div class=\"elementor-element elementor-element-6c373bc elementor-widget elementor-widget-heading\" data-id=\"6c373bc\" data-element_type=\"widget\" data-widget_type=\"heading.default\">\n\t\t\t\t<div class=\"elementor-widget-container\">\n\t\t\t\t\t<h2 class=\"elementor-heading-title elementor-size-default\">SCM<\/h2>\t\t\t\t<\/div>\n\t\t\t\t<\/div>\n\t\t\t\t<div class=\"elementor-element elementor-element-1cc1495 elementor-widget elementor-widget-heading\" data-id=\"1cc1495\" data-element_type=\"widget\" data-widget_type=\"heading.default\">\n\t\t\t\t<div class=\"elementor-widget-container\">\n\t\t\t\t\t<h1 class=\"elementor-heading-title elementor-size-default\">C\u00edrculos Matem\u00e1ticos<\/h1>\t\t\t\t<\/div>\n\t\t\t\t<\/div>\n\t\t\t\t<\/div>\n\t\t\t\t\t<\/div>\n\t\t\t\t<\/div>\n\t\t<div class=\"elementor-element elementor-element-430797e e-flex e-con-boxed e-con e-parent\" data-id=\"430797e\" data-element_type=\"container\" data-settings=\"{&quot;jet_parallax_layout_list&quot;:[]}\">\n\t\t\t\t\t<div class=\"e-con-inner\">\n\t\t<div class=\"elementor-element elementor-element-ef10545 e-con-full e-flex e-con e-child\" data-id=\"ef10545\" data-element_type=\"container\" data-settings=\"{&quot;jet_parallax_layout_list&quot;:[]}\">\n\t\t\t\t<div class=\"elementor-element elementor-element-92f0fc5 elementor-widget elementor-widget-heading\" data-id=\"92f0fc5\" data-element_type=\"widget\" data-widget_type=\"heading.default\">\n\t\t\t\t<div class=\"elementor-widget-container\">\n\t\t\t\t\t<h2 class=\"elementor-heading-title elementor-size-default\">C\u00edrculos matem\u00e1ticos por ciduad<\/h2>\t\t\t\t<\/div>\n\t\t\t\t<\/div>\n\t\t\t\t<div class=\"elementor-element elementor-element-03844b8 elementor-widget elementor-widget-eael-adv-tabs\" data-id=\"03844b8\" data-element_type=\"widget\" data-widget_type=\"eael-adv-tabs.default\">\n\t\t\t\t<div class=\"elementor-widget-container\">\n\t\t\t\t\t        <div data-scroll-on-click=\"no\" data-scroll-speed=\"300\" id=\"eael-advance-tabs-03844b8\" class=\"eael-advance-tabs eael-tabs-vertical eael-tab-auto-active \" data-tabid=\"03844b8\">\n            <div class=\"eael-tabs-nav \">\n                <ul class=\"eael-tab-inline-icon\" role=\"tablist\">\n                                            <li id=\"cali\" class=\"inactive eael-tab-item-trigger eael-tab-nav-item\" aria-selected=\"true\" data-tab=\"1\" role=\"tab\" tabindex=\"0\" aria-controls=\"cali-tab\" aria-expanded=\"false\">\n                            \n                                                        \n                                                            <span class=\"eael-tab-title title-after-icon\" >CALI<\/span>                            \n                                                    <\/li>\n                                            <li id=\"buenaventura\" class=\"inactive eael-tab-item-trigger eael-tab-nav-item\" aria-selected=\"false\" data-tab=\"2\" role=\"tab\" tabindex=\"-1\" aria-controls=\"buenaventura-tab\" aria-expanded=\"false\">\n                            \n                                                        \n                                                            <span class=\"eael-tab-title title-after-icon\" >Buenaventura<\/span>                            \n                                                    <\/li>\n                                            <li id=\"bogot-parte-1\" class=\"inactive eael-tab-item-trigger eael-tab-nav-item\" aria-selected=\"false\" data-tab=\"3\" role=\"tab\" tabindex=\"-1\" aria-controls=\"bogot-parte-1-tab\" aria-expanded=\"false\">\n                            \n                                                        \n                                                            <span class=\"eael-tab-title title-after-icon\" >Bogot\u00e1 (parte 1)<\/span>                            \n                                                    <\/li>\n                                            <li id=\"bogot-parte-2\" class=\"inactive eael-tab-item-trigger eael-tab-nav-item\" aria-selected=\"false\" data-tab=\"4\" role=\"tab\" tabindex=\"-1\" aria-controls=\"bogot-parte-2-tab\" aria-expanded=\"false\">\n                            \n                                                        \n                                                            <span class=\"eael-tab-title title-after-icon\" >Bogot\u00e1 (parte 2)<\/span>                            \n                                                    <\/li>\n                                            <li id=\"ibagu\" class=\"inactive eael-tab-item-trigger eael-tab-nav-item\" aria-selected=\"false\" data-tab=\"5\" role=\"tab\" tabindex=\"-1\" aria-controls=\"ibagu-tab\" aria-expanded=\"false\">\n                            \n                                                        \n                                                            <span class=\"eael-tab-title title-after-icon\" >Ibagu\u00e9<\/span>                            \n                                                    <\/li>\n                                            <li id=\"neiva\" class=\"inactive eael-tab-item-trigger eael-tab-nav-item\" aria-selected=\"false\" data-tab=\"6\" role=\"tab\" tabindex=\"-1\" aria-controls=\"neiva-tab\" aria-expanded=\"false\">\n                            \n                                                        \n                                                            <span class=\"eael-tab-title title-after-icon\" >Neiva<\/span>                            \n                                                    <\/li>\n                                            <li id=\"tunja\" class=\"inactive eael-tab-item-trigger eael-tab-nav-item\" aria-selected=\"false\" data-tab=\"7\" role=\"tab\" tabindex=\"-1\" aria-controls=\"tunja-tab\" aria-expanded=\"false\">\n                            \n                                                        \n                                                            <span class=\"eael-tab-title title-after-icon\" >Tunja<\/span>                            \n                                                    <\/li>\n                                            <li id=\"pereira\" class=\"inactive eael-tab-item-trigger eael-tab-nav-item\" aria-selected=\"false\" data-tab=\"8\" role=\"tab\" tabindex=\"-1\" aria-controls=\"pereira-tab\" aria-expanded=\"false\">\n                            \n                                                        \n                                                            <span class=\"eael-tab-title title-after-icon\" >Pereira<\/span>                            \n                                                    <\/li>\n                    \n                                  <\/ul>\n            <\/div>\n            \n            <div class=\"eael-tabs-content\">\n\t\t        \n                    <div id=\"cali-tab\" class=\"clearfix eael-tab-content-item inactive\" data-title-link=\"cali-tab\">\n\t\t\t\t        <table width=\"775\">\n<tbody>\n<tr>\n<td style=\"text-align: center;\" width=\"263\"><strong>Universidad<\/strong><\/td>\n<td style=\"text-align: center;\" width=\"216\"><strong>Pontificia Universidad Javeriana<\/strong><\/td>\n<td style=\"text-align: center;\" width=\"296\"><strong>Universidad del Valle<\/strong><\/td>\n<\/tr>\n<tr>\n<td>Direcci\u00f3n Universidad<\/td>\n<td>Calle 18 #118-250<\/td>\n<td>Calle 13 #100-00. Ciudad Universitaria Mel\u00e9ndez.<\/td>\n<\/tr>\n<tr>\n<td>Horario (hay 3 lunes festivos)<\/td>\n<td>Viernes de 3:00 a 5:00<\/td>\n<td>Viernes de 3:00 a 5:00<\/td>\n<\/tr>\n<tr>\n<td>Fecha de inicio\n(Semana del 24 de marzo)<\/td>\n<td>21 de marzo<\/td>\n<td>21 de marzo<\/td>\n<\/tr>\n<tr>\n<td>Fecha de cierre\n(Semana del 19 de mayo)<\/td>\n<td>16 de mayo<\/td>\n<td>16 de mayo<\/td>\n<\/tr>\n<tr>\n<td>N\u00famero de cupos<\/td>\n<td>20<\/td>\n<td>20<\/td>\n<\/tr>\n<tr>\n<td>N\u00famero certificados<\/td>\n<td><\/td>\n<td><\/td>\n<\/tr>\n\n<tr>\n<td>Instagram de la instituci\u00f3n o Departamento<\/td>\n<td>@ujaverianacali<\/td>\n<td>@univallecol<\/td>\n<\/tr>\n<\/tbody>\n<\/table>                    <\/div>\n\t\t        \n                    <div id=\"buenaventura-tab\" class=\"clearfix eael-tab-content-item inactive\" data-title-link=\"buenaventura-tab\">\n\t\t\t\t        <table width=\"717\">\n<tbody>\n<tr>\n<td style=\"text-align: center;\" width=\"263\"><strong>Universidad<\/strong><\/td>\n<td style=\"text-align: center;\" width=\"454\"><strong>Universidad del Pac\u00edfico<\/strong><\/td>\n<\/tr>\n<tr>\n<td>Direcci\u00f3n Universidad<\/td>\n<td>Km 13 v\u00eda al aeropuerto- Barrio el Triunfo<\/td>\n<\/tr>\n<tr>\n<td>Horario (hay 3 lunes festivos)<\/td>\n<td>Mi\u00e9rcoles de 3:00 a 5:00<\/td>\n<\/tr>\n<tr>\n<td>Fecha de inicio\n(Semana del 24 de marzo)<\/td>\n<td>21 de marzo<\/td>\n<\/tr>\n<tr>\n<td>Fecha de cierre\n(Semana del 19 de mayo)<\/td>\n<td>16 de mayo<\/td>\n<\/tr>\n<tr>\n<td>N\u00famero de cupos<\/td>\n<td>30<\/td>\n<\/tr>\n<tr>\n<td>N\u00famero certificados<\/td>\n<td><\/td>\n<\/tr>\n\n<tr>\n<td>Instagram de la instituci\u00f3n o Departamento<\/td>\n<td>@unipacifico<\/td>\n<\/tr>\n<\/tbody>\n<\/table>                    <\/div>\n\t\t        \n                    <div id=\"bogot-parte-1-tab\" class=\"clearfix eael-tab-content-item inactive\" data-title-link=\"bogot-parte-1-tab\">\n\t\t\t\t        <table width=\"864\">\n<tbody>\n<tr>\n<td style=\"text-align: center;\" width=\"263\"><strong>Universidad<\/strong><\/td>\n<td style=\"text-align: center;\" width=\"170\"><strong>Konrad Lorenz<\/strong><\/td>\n<td style=\"text-align: center;\" width=\"181\"><strong>U. Andes<\/strong><\/td>\n<td style=\"text-align: center;\" width=\"170\"><strong>U. Sergio Arboleda<\/strong><\/td>\n<td style=\"text-align: center;\" width=\"80\"><strong>Universidad Central<\/strong><\/td>\n<\/tr>\n<tr>\n<td>Direcci\u00f3n Universidad<\/td>\n<td>Cra. 9 Bis #No. 62 &#8211; 43<\/td>\n<td>Cra. 1 #18a-12<\/td>\n<td>Calle 74 #14-14<\/td>\n<td>Carrera 5 #21-38<\/td>\n<\/tr>\n<tr>\n<td>Horario (hay 3 lunes festivos)<\/td>\n<td>S\u00e1bados: 10am a 12<\/td>\n<td>Sesiones 1-4: mi\u00e9rcoles 3 a 5. Sesiones 5-8: jueves 3 a 5.<\/td>\n<td>lunes de 4:00 p.m. a 6:00 p.m.<\/td>\n<td>Viernes 3:30 pm<\/td>\n<\/tr>\n<tr>\n<td>Fecha de inicio\n(Semana del 24 de marzo)<\/td>\n<td>29 de marzo<\/td>\n<td>26 marzo<\/td>\n<td>25 de marzo<\/td>\n<td>28 de marzo<\/td>\n<\/tr>\n<tr>\n<td>Fecha de cierre\n(Semana del 19 de mayo)<\/td>\n<td>24 de mayo<\/td>\n<td>22 de mayo<\/td>\n<td>19 de mayo<\/td>\n<td>23 de mayo<\/td>\n<\/tr>\n<tr>\n<td>N\u00famero de cupos<\/td>\n<td>30<\/td>\n<td>20<\/td>\n<td>30<\/td>\n<td>25<\/td>\n<\/tr>\n<tr>\n<td>N\u00famero certificados<\/td>\n<td><\/td>\n<td><\/td>\n<td><\/td>\n<td><\/td>\n<\/tr>\n\n\n<tr>\n<td>Instagram de la instituci\u00f3n o Departamento<\/td>\n<td>@ukonradlorenz<\/td>\n<td><a href=\"https:\/\/www.instagram.com\/cienciasunalbog\/?hl=es\">@cienciasuniandes<\/a><\/td>\n<td>@usacienciaseingenieria<\/td>\n<td>@ucentralbogota<\/td>\n<\/tr>\n<\/tbody>\n<\/table>                    <\/div>\n\t\t        \n                    <div id=\"bogot-parte-2-tab\" class=\"clearfix eael-tab-content-item inactive\" data-title-link=\"bogot-parte-2-tab\">\n\t\t\t\t        <table width=\"583\">\n<tbody>\n<tr>\n<td style=\"text-align: center;\" width=\"263\"><strong>Universidad<\/strong><\/td>\n<td style=\"text-align: center;\" width=\"80\"><strong>Universidad Escuela Colombiana de Ingenier\u00eda Julio Garavito<\/strong><\/td>\n<td style=\"text-align: center;\" width=\"80\"><strong>Polit\u00e9cnico Grancolombiano\u00a0<\/strong><\/td>\n<td style=\"text-align: center;\" width=\"80\"><strong>Universidad la Gran Colombia<\/strong><\/td>\n<td style=\"text-align: center;\" width=\"80\"><strong>Universidad del Rosario<\/strong><\/td>\n<\/tr>\n<tr>\n<td>Direcci\u00f3n Universidad<\/td>\n<td>Av. Cra. 45 # 205-59<\/td>\n<td>\u00a0Calle 61 # 7-69<\/td>\n<td>Carrera 6 # 12B-40<\/td>\n<td>Calle 12C # 6-25<\/td>\n<\/tr>\n<tr>\n<td>Horario (hay 3 lunes festivos)<\/td>\n<td>Mi\u00e9rcoles de 3:00 a 5:00 p.m.<\/td>\n<td>S\u00e1bados 10:00 a.m. a 12:00 p.m.<\/td>\n<td>S\u00e1bados 8:00 a.m. a 10:00 a.m.<\/td>\n<td>Mi\u00e9rcoles de 3:00 a 5:00 p.m.<\/td>\n<\/tr>\n<tr>\n<td>Fecha de inicio\n(Semana del 24 de marzo)<\/td>\n<td><\/td>\n<td>29 de marzo<\/td>\n<td>29 de marzo<\/td>\n<td>26 de marzo<\/td>\n<\/tr>\n<tr>\n<td>Fecha de cierre\n(Semana del 19 de mayo)<\/td>\n<td><\/td>\n<td>17 de mayo<\/td>\n<td>24 de mayo<\/td>\n<td>21 de mayo<\/td>\n<\/tr>\n<tr>\n<td>N\u00famero de cupos<\/td>\n<td>25<\/td>\n<td>15<\/td>\n<td>20<\/td>\n<td>20<\/td>\n<\/tr>\n<tr>\n<td>N\u00famero certificados<\/td>\n<td><\/td>\n<td><\/td>\n<td><\/td>\n<td><\/td>\n<\/tr>\n\n\n<tr>\n<td>Instagram de la instituci\u00f3n o Departamento<\/td>\n<td colspan=\"2\">@escuelaing\u00a0\u00a0 @matematicasescuelaing<\/td>\n<td>@ulagrancolombia<\/td>\n<td>@eict_urosario<\/td>\n<\/tr>\n<\/tbody>\n<\/table>                    <\/div>\n\t\t        \n                    <div id=\"ibagu-tab\" class=\"clearfix eael-tab-content-item inactive\" data-title-link=\"ibagu-tab\">\n\t\t\t\t        <table width=\"479\">\n<tbody>\n<tr>\n<td style=\"text-align: center;\" width=\"263\"><strong>Universidad<\/strong><\/td>\n<td style=\"text-align: center;\" width=\"216\"><strong>Universidad de Ibagu\u00e9<\/strong><\/td>\n<\/tr>\n<tr>\n<td>Direcci\u00f3n Universidad<\/td>\n<td>Carrera 22 calle 67 Barrio Ambal\u00e1<\/td>\n<\/tr>\n<tr>\n<td>Horario (hay 3 lunes festivos)<\/td>\n<td>Viernes 2:30 a 4:30<\/td>\n<\/tr>\n<tr>\n<td>Fecha de inicio\n(Semana del 24 de marzo)<\/td>\n<td>21 de marzo<\/td>\n<\/tr>\n<tr>\n<td>Fecha de cierre\n(Semana del 19 de mayo)<\/td>\n<td>16 de mayo<\/td>\n<\/tr>\n<tr>\n<td>N\u00famero de cupos<\/td>\n<td>20<\/td>\n<\/tr>\n<tr>\n<td>N\u00famero certificados<\/td>\n<td><\/td>\n<\/tr>\n\n<tr>\n<td>Instagram de la instituci\u00f3n o Departamento<\/td>\n<td>@unibague<\/td>\n<\/tr>\n<\/tbody>\n<\/table>                    <\/div>\n\t\t        \n                    <div id=\"neiva-tab\" class=\"clearfix eael-tab-content-item inactive\" data-title-link=\"neiva-tab\">\n\t\t\t\t        <table width=\"784\">\n<tbody>\n<tr>\n<td style=\"text-align: center;\" width=\"263\"><strong>Universidad<\/strong><\/td>\n<td style=\"text-align: center;\" colspan=\"3\" width=\"521\"><strong>Universidad Surcolombiana<\/strong><\/td>\n<\/tr>\n<tr>\n<td>Direcci\u00f3n Universidad<\/td>\n<td colspan=\"3\">Avenida Pastrana Cra 1A sede Central<\/td>\n<\/tr>\n<tr>\n<td>Horario (hay 3 lunes festivos)<\/td>\n<td>Martes de 4:00 a 6:00<\/td>\n<td>Miercoles de 9:00 a 11:00 am<\/td>\n<td>Miercoles de 4:00 a 6:00pm<\/td>\n<\/tr>\n<tr>\n<td>Fecha de inicio\n(Semana del 24 de marzo)<\/td>\n<td>25 de marzo<\/td>\n<td>26 de marzo<\/td>\n<td>26 de marzo<\/td>\n<\/tr>\n<tr>\n<td>Fecha de cierre\n(Semana del 19 de mayo)<\/td>\n<td>13 de mayo<\/td>\n<td>21 de mayo<\/td>\n<td>21 de mayo<\/td>\n<\/tr>\n<tr>\n<td>N\u00famero de cupos<\/td>\n<td>20<\/td>\n<td>40<\/td>\n<td>40<\/td>\n<\/tr>\n<tr>\n<td>N\u00famero certificados<\/td>\n<td><\/td>\n<td><\/td>\n<td><\/td>\n<\/tr>\n\n<tr>\n<td>Instagram de la instituci\u00f3n o Departamento<\/td>\n<td colspan=\"3\">@licemat_usco<\/td>\n<\/tr>\n<\/tbody>\n<\/table>                    <\/div>\n\t\t        \n                    <div id=\"tunja-tab\" class=\"clearfix eael-tab-content-item inactive\" data-title-link=\"tunja-tab\">\n\t\t\t\t        <table width=\"717\">\n<tbody>\n<tr>\n<td style=\"text-align: center;\" width=\"263\"><strong>Universidad<\/strong><\/td>\n<td style=\"text-align: center;\" width=\"454\"><strong>UPTC<\/strong><\/td>\n<\/tr>\n<tr>\n<td>Direcci\u00f3n Universidad<\/td>\n<td>Sede central (Tunja)<\/td>\n<\/tr>\n<tr>\n<td>Horario (hay 3 lunes festivos)<\/td>\n<td>viernes 4:00 pm<\/td>\n<\/tr>\n<tr>\n<td>Fecha de inicio\n(Semana del 24 de marzo)<\/td>\n<td>21 de marzo<\/td>\n<\/tr>\n<tr>\n<td>Fecha de cierre\n(Semana del 19 de mayo)<\/td>\n<td>16 de Mayo<\/td>\n<\/tr>\n<tr>\n<td>N\u00famero de cupos<\/td>\n<td>24<\/td>\n<\/tr>\n<tr>\n<td>N\u00famero certificados<\/td>\n<td><\/td>\n<\/tr>\n\n<tr>\n<td>Instagram de la instituci\u00f3n o Departamento<\/td>\n<td>@uptcoficial<\/td>\n<\/tr>\n<\/tbody>\n<\/table>                    <\/div>\n\t\t        \n                    <div id=\"pereira-tab\" class=\"clearfix eael-tab-content-item inactive\" data-title-link=\"pereira-tab\">\n\t\t\t\t        <table width=\"717\">\n<tbody>\n<tr>\n<td style=\"text-align: center;\" width=\"263\"><strong>Universidad<\/strong><\/td>\n<td style=\"text-align: center;\" width=\"454\"><strong>Universidad Tecnol\u00f3gica de Pereira-Universidad Cat\u00f3lica de P<\/strong>ereira<\/td>\n<\/tr>\n<tr>\n<td>Direcci\u00f3n Universidad<\/td>\n<td>UTP: Cra. 27 #10-02 y UCP: Avenida Sur, Cra 21 #49-95, Pereira, Risaralda<\/td>\n<\/tr>\n<tr>\n<td>Horario (hay 3 lunes festivos)<\/td>\n<td>Jueves 4:00 &#8211; 6:00 pm<\/td>\n<\/tr>\n<tr>\n<td>Fecha de inicio\n(Semana del 24 de marzo)<\/td>\n<td>13 de marzo<\/td>\n<\/tr>\n<tr>\n<td>Fecha de cierre\n(Semana del 19 de mayo)<\/td>\n<td>22 de mayo<\/td>\n<\/tr>\n<tr>\n<td>N\u00famero de cupos<\/td>\n<td>25<\/td>\n<\/tr>\n<tr>\n<td>N\u00famero certificados<\/td>\n<td><\/td>\n<\/tr>\n<tr>\n<td>Instagram de la instituci\u00f3n o Departamento<\/td>\n<td>@ucatolicadepereira \/ @utpereira<\/td>\n<\/tr>\n<\/tbody>\n<\/table>                    <\/div>\n\t\t                    <\/div>\n        <\/div>\n\t\t\t\t<\/div>\n\t\t\t\t<\/div>\n\t\t\t\t<\/div>\n\t\t\t\t\t<\/div>\n\t\t\t\t<\/div>\n\t\t\t\t<\/div>\n\t\t","protected":false},"excerpt":{"rendered":"<p>SCM C\u00edrculos Matem\u00e1ticos C\u00edrculos matem\u00e1ticos por ciduad CALI Buenaventura Bogot\u00e1 (parte 1) Bogot\u00e1 (parte 2) Ibagu\u00e9 Neiva Tunja Pereira Universidad Pontificia Universidad Javeriana Universidad del Valle Direcci\u00f3n Universidad Calle 18 #118-250 Calle 13 #100-00. Ciudad Universitaria Mel\u00e9ndez. Horario (hay 3 lunes festivos) Viernes de 3:00 a 5:00 Viernes de 3:00 a 5:00 Fecha de inicio [&hellip;]<\/p>\n","protected":false},"author":1,"featured_media":0,"parent":0,"menu_order":0,"comment_status":"closed","ping_status":"closed","template":"","meta":{"footnotes":""},"class_list":["post-84","page","type-page","status-publish","hentry"],"_links":{"self":[{"href":"https:\/\/scm.org.co\/web\/wp-json\/wp\/v2\/pages\/84","targetHints":{"allow":["GET"]}}],"collection":[{"href":"https:\/\/scm.org.co\/web\/wp-json\/wp\/v2\/pages"}],"about":[{"href":"https:\/\/scm.org.co\/web\/wp-json\/wp\/v2\/types\/page"}],"author":[{"embeddable":true,"href":"https:\/\/scm.org.co\/web\/wp-json\/wp\/v2\/users\/1"}],"replies":[{"embeddable":true,"href":"https:\/\/scm.org.co\/web\/wp-json\/wp\/v2\/comments?post=84"}],"version-history":[{"count":37,"href":"https:\/\/scm.org.co\/web\/wp-json\/wp\/v2\/pages\/84\/revisions"}],"predecessor-version":[{"id":2793,"href":"https:\/\/scm.org.co\/web\/wp-json\/wp\/v2\/pages\/84\/revisions\/2793"}],"wp:attachment":[{"href":"https:\/\/scm.org.co\/web\/wp-json\/wp\/v2\/media?parent=84"}],"curies":[{"name":"wp","href":"https:\/\/api.w.org\/{rel}","templated":true}]}}