{"id":550,"date":"2024-11-10T09:47:20","date_gmt":"2024-11-10T14:47:20","guid":{"rendered":"https:\/\/scm.org.co\/web\/?page_id=550"},"modified":"2025-03-12T00:23:08","modified_gmt":"2025-03-12T05:23:08","slug":"identidad-visual","status":"publish","type":"page","link":"https:\/\/scm.org.co\/web\/sobre-la-scm\/identidad-visual\/","title":{"rendered":"Identidad Visual"},"content":{"rendered":"\t\t<div data-elementor-type=\"wp-page\" data-elementor-id=\"550\" class=\"elementor elementor-550\" data-elementor-post-type=\"page\">\n\t\t\t\t<div class=\"elementor-element elementor-element-eb96c56 e-flex e-con-boxed e-con e-parent\" data-id=\"eb96c56\" data-element_type=\"container\" data-settings=\"{&quot;jet_parallax_layout_list&quot;:[]}\">\n\t\t\t\t\t<div class=\"e-con-inner\">\n\t\t<div class=\"elementor-element elementor-element-ea48dc4 e-con-full e-flex e-con e-child\" data-id=\"ea48dc4\" data-element_type=\"container\" data-settings=\"{&quot;background_background&quot;:&quot;classic&quot;,&quot;jet_parallax_layout_list&quot;:[]}\">\n\t\t\t\t<\/div>\n\t\t<div class=\"elementor-element elementor-element-1dd798d e-con-full e-flex e-con e-child\" data-id=\"1dd798d\" data-element_type=\"container\" data-settings=\"{&quot;background_background&quot;:&quot;gradient&quot;,&quot;jet_parallax_layout_list&quot;:[]}\">\n\t\t\t\t<div class=\"elementor-element elementor-element-8f7cac1 elementor-widget elementor-widget-heading\" data-id=\"8f7cac1\" data-element_type=\"widget\" data-widget_type=\"heading.default\">\n\t\t\t\t<div class=\"elementor-widget-container\">\n\t\t\t\t\t<h2 class=\"elementor-heading-title elementor-size-default\">SCM<\/h2>\t\t\t\t<\/div>\n\t\t\t\t<\/div>\n\t\t\t\t<div class=\"elementor-element elementor-element-d00bcc8 elementor-widget elementor-widget-heading\" data-id=\"d00bcc8\" data-element_type=\"widget\" data-widget_type=\"heading.default\">\n\t\t\t\t<div class=\"elementor-widget-container\">\n\t\t\t\t\t<h1 class=\"elementor-heading-title elementor-size-default\">Identidad Visual<\/h1>\t\t\t\t<\/div>\n\t\t\t\t<\/div>\n\t\t\t\t<\/div>\n\t\t\t\t\t<\/div>\n\t\t\t\t<\/div>\n\t\t<div class=\"elementor-element elementor-element-814b705 e-flex e-con-boxed e-con e-parent\" data-id=\"814b705\" data-element_type=\"container\" data-settings=\"{&quot;jet_parallax_layout_list&quot;:[]}\">\n\t\t\t\t\t<div class=\"e-con-inner\">\n\t\t<div class=\"elementor-element elementor-element-a4c2661 e-con-full e-flex e-con e-child\" data-id=\"a4c2661\" data-element_type=\"container\" data-settings=\"{&quot;jet_parallax_layout_list&quot;:[]}\">\n\t\t\t\t<div class=\"elementor-element elementor-element-fd43727 elementor-widget elementor-widget-heading\" data-id=\"fd43727\" data-element_type=\"widget\" data-widget_type=\"heading.default\">\n\t\t\t\t<div class=\"elementor-widget-container\">\n\t\t\t\t\t<h2 class=\"elementor-heading-title elementor-size-default\">NUESTRO LOGO<\/h2>\t\t\t\t<\/div>\n\t\t\t\t<\/div>\n\t\t\t\t<div class=\"elementor-element elementor-element-68cb33e elementor-widget elementor-widget-text-editor\" data-id=\"68cb33e\" data-element_type=\"widget\" data-widget_type=\"text-editor.default\">\n\t\t\t\t<div class=\"elementor-widget-container\">\n\t\t\t\t\t\t\t\t\t<p style=\"text-align: justify;\">El <strong>logotipo de la Sociedad Colombiana de Matem\u00e1ticas<\/strong> fue dise\u00f1ado por el maestro colombiano Antonio GRASS, conocido estudioso del arte pre-hisp\u00e1nico. La imagen, basada en un motivo tairona, representa una serpiente, animal altamente significativo en casi todas las culturas.<\/p>\t\t\t\t\t\t\t\t<\/div>\n\t\t\t\t<\/div>\n\t\t<div class=\"elementor-element elementor-element-ebdaec2 e-con-full e-flex e-con e-child\" data-id=\"ebdaec2\" data-element_type=\"container\" data-settings=\"{&quot;background_background&quot;:&quot;gradient&quot;,&quot;jet_parallax_layout_list&quot;:[]}\">\n\t\t\t\t<div class=\"elementor-element elementor-element-a29ba2d elementor-widget elementor-widget-text-editor\" data-id=\"a29ba2d\" data-element_type=\"widget\" data-widget_type=\"text-editor.default\">\n\t\t\t\t<div class=\"elementor-widget-container\">\n\t\t\t\t\t\t\t\t\t<p style=\"text-align: center;\">&#8220;\u2026Esta figura de serpiente est\u00e1 tomada de un sello de la cultura Tairona, de maravillosas proporciones geom\u00e9tricas y dentro de las mejores expresiones cham\u00e1nicas, que tambi\u00e9n fueron la iniciaci\u00f3n de la ciencia.&#8221;<\/p><p style=\"text-align: right;\"><strong>Antonio GRASS<\/strong><\/p>\t\t\t\t\t\t\t\t<\/div>\n\t\t\t\t<\/div>\n\t\t\t\t<\/div>\n\t\t\t\t<\/div>\n\t\t<div class=\"elementor-element elementor-element-1f22427 e-con-full e-flex e-con e-child\" data-id=\"1f22427\" data-element_type=\"container\" data-settings=\"{&quot;jet_parallax_layout_list&quot;:[]}\">\n\t\t\t\t<div class=\"elementor-element elementor-element-00afedf elementor-widget elementor-widget-image\" data-id=\"00afedf\" data-element_type=\"widget\" data-widget_type=\"image.default\">\n\t\t\t\t<div class=\"elementor-widget-container\">\n\t\t\t\t\t\t\t\t\t\t\t\t\t\t\t<img decoding=\"async\" src=\"https:\/\/scm.org.co\/web\/wp-content\/uploads\/elementor\/thumbs\/Logo-SCM-r2qh1mxorbv2czm5tghqms75lwyeustrgllshat8u8.png\" title=\"Logo SCM\" alt=\"Logo completo SCM\" loading=\"lazy\" \/>\t\t\t\t\t\t\t\t\t\t\t\t\t\t\t<\/div>\n\t\t\t\t<\/div>\n\t\t\t\t<\/div>\n\t\t\t\t\t<\/div>\n\t\t\t\t<\/div>\n\t\t\t\t<\/div>\n\t\t","protected":false},"excerpt":{"rendered":"<p>SCM Identidad Visual NUESTRO LOGO El logotipo de la Sociedad Colombiana de Matem\u00e1ticas fue dise\u00f1ado por el maestro colombiano Antonio GRASS, conocido estudioso del arte pre-hisp\u00e1nico. La imagen, basada en un motivo tairona, representa una serpiente, animal altamente significativo en casi todas las culturas. &#8220;\u2026Esta figura de serpiente est\u00e1 tomada de un sello de la [&hellip;]<\/p>\n","protected":false},"author":1,"featured_media":0,"parent":72,"menu_order":0,"comment_status":"closed","ping_status":"closed","template":"","meta":{"footnotes":""},"class_list":["post-550","page","type-page","status-publish","hentry"],"_links":{"self":[{"href":"https:\/\/scm.org.co\/web\/wp-json\/wp\/v2\/pages\/550","targetHints":{"allow":["GET"]}}],"collection":[{"href":"https:\/\/scm.org.co\/web\/wp-json\/wp\/v2\/pages"}],"about":[{"href":"https:\/\/scm.org.co\/web\/wp-json\/wp\/v2\/types\/page"}],"author":[{"embeddable":true,"href":"https:\/\/scm.org.co\/web\/wp-json\/wp\/v2\/users\/1"}],"replies":[{"embeddable":true,"href":"https:\/\/scm.org.co\/web\/wp-json\/wp\/v2\/comments?post=550"}],"version-history":[{"count":141,"href":"https:\/\/scm.org.co\/web\/wp-json\/wp\/v2\/pages\/550\/revisions"}],"predecessor-version":[{"id":2446,"href":"https:\/\/scm.org.co\/web\/wp-json\/wp\/v2\/pages\/550\/revisions\/2446"}],"up":[{"embeddable":true,"href":"https:\/\/scm.org.co\/web\/wp-json\/wp\/v2\/pages\/72"}],"wp:attachment":[{"href":"https:\/\/scm.org.co\/web\/wp-json\/wp\/v2\/media?parent=550"}],"curies":[{"name":"wp","href":"https:\/\/api.w.org\/{rel}","templated":true}]}}