{"id":424,"date":"2024-11-09T16:17:31","date_gmt":"2024-11-09T21:17:31","guid":{"rendered":"https:\/\/scm.org.co\/web\/?page_id=424"},"modified":"2026-03-13T14:13:05","modified_gmt":"2026-03-13T19:13:05","slug":"socios","status":"publish","type":"page","link":"https:\/\/scm.org.co\/web\/sobre-la-scm\/socios\/","title":{"rendered":"Socios"},"content":{"rendered":"\t\t<div data-elementor-type=\"wp-page\" data-elementor-id=\"424\" class=\"elementor elementor-424\" data-elementor-post-type=\"page\">\n\t\t\t\t<div class=\"elementor-element elementor-element-a2df65f e-flex e-con-boxed e-con e-parent\" data-id=\"a2df65f\" data-element_type=\"container\" data-settings=\"{&quot;jet_parallax_layout_list&quot;:[]}\">\n\t\t\t\t\t<div class=\"e-con-inner\">\n\t\t<div class=\"elementor-element elementor-element-c0125a7 e-con-full e-flex e-con e-child\" data-id=\"c0125a7\" data-element_type=\"container\" data-settings=\"{&quot;background_background&quot;:&quot;classic&quot;,&quot;jet_parallax_layout_list&quot;:[]}\">\n\t\t\t\t<\/div>\n\t\t<div class=\"elementor-element elementor-element-be3591b e-con-full e-flex e-con e-child\" data-id=\"be3591b\" data-element_type=\"container\" data-settings=\"{&quot;background_background&quot;:&quot;gradient&quot;,&quot;jet_parallax_layout_list&quot;:[]}\">\n\t\t\t\t<div class=\"elementor-element elementor-element-5751d69 elementor-widget elementor-widget-heading\" data-id=\"5751d69\" data-element_type=\"widget\" data-widget_type=\"heading.default\">\n\t\t\t\t<div class=\"elementor-widget-container\">\n\t\t\t\t\t<h2 class=\"elementor-heading-title elementor-size-default\">SCM<\/h2>\t\t\t\t<\/div>\n\t\t\t\t<\/div>\n\t\t\t\t<div class=\"elementor-element elementor-element-900b18f elementor-widget elementor-widget-heading\" data-id=\"900b18f\" data-element_type=\"widget\" data-widget_type=\"heading.default\">\n\t\t\t\t<div class=\"elementor-widget-container\">\n\t\t\t\t\t<h1 class=\"elementor-heading-title elementor-size-default\">Socios<\/h1>\t\t\t\t<\/div>\n\t\t\t\t<\/div>\n\t\t\t\t<\/div>\n\t\t\t\t\t<\/div>\n\t\t\t\t<\/div>\n\t\t<div class=\"elementor-element elementor-element-6a4826d e-flex e-con-boxed e-con e-parent\" data-id=\"6a4826d\" data-element_type=\"container\" data-settings=\"{&quot;jet_parallax_layout_list&quot;:[]}\">\n\t\t\t\t\t<div class=\"e-con-inner\">\n\t\t<div class=\"elementor-element elementor-element-3e157a2 e-con-full e-flex e-con e-child\" data-id=\"3e157a2\" data-element_type=\"container\" data-settings=\"{&quot;jet_parallax_layout_list&quot;:[]}\">\n\t\t\t\t<div class=\"elementor-element elementor-element-4d061b3 elementor-widget elementor-widget-text-editor\" data-id=\"4d061b3\" data-element_type=\"widget\" data-widget_type=\"text-editor.default\">\n\t\t\t\t<div class=\"elementor-widget-container\">\n\t\t\t\t\t\t\t\t\t<p>La Sociedad Colombiana de Matem\u00e1ticas se compone de cinco tipos de socios: Adjuntos, efectivos, institucionales, honorarios y benefactores que buscan contribuir a su desarrollo profesional e institucional por medio de la participaci\u00f3n y liderazgo de proyectos e iniciativas que contribuyan al fomento del desarrollo de las matem\u00e1ticas del pa\u00eds.<\/p>\t\t\t\t\t\t\t\t<\/div>\n\t\t\t\t<\/div>\n\t\t\t\t<div class=\"elementor-element elementor-element-f9fa2a8 elementor-widget elementor-widget-heading\" data-id=\"f9fa2a8\" data-element_type=\"widget\" data-widget_type=\"heading.default\">\n\t\t\t\t<div class=\"elementor-widget-container\">\n\t\t\t\t\t<h2 class=\"elementor-heading-title elementor-size-default\">TIPOS DE SOCIOS SCM<\/h2>\t\t\t\t<\/div>\n\t\t\t\t<\/div>\n\t\t\t\t<div class=\"elementor-element elementor-element-f0dda06 elementor-widget elementor-widget-eael-adv-tabs\" data-id=\"f0dda06\" data-element_type=\"widget\" data-widget_type=\"eael-adv-tabs.default\">\n\t\t\t\t<div class=\"elementor-widget-container\">\n\t\t\t\t\t        <div data-scroll-on-click=\"no\" data-scroll-speed=\"300\" id=\"eael-advance-tabs-f0dda06\" class=\"eael-advance-tabs eael-tabs-vertical eael-tab-auto-active \" data-tabid=\"f0dda06\">\n            <div class=\"eael-tabs-nav \">\n                <ul class=\"eael-tab-inline-icon\" role=\"tablist\">\n                                            <li id=\"adjuntos\" class=\"inactive eael-tab-item-trigger eael-tab-nav-item\" aria-selected=\"true\" data-tab=\"1\" role=\"tab\" tabindex=\"0\" aria-controls=\"adjuntos-tab\" aria-expanded=\"false\">\n                            \n                                                        \n                                                            <span class=\"eael-tab-title title-after-icon\" >Adjuntos<\/span>                            \n                                                    <\/li>\n                                            <li id=\"efectivos\" class=\"inactive eael-tab-item-trigger eael-tab-nav-item\" aria-selected=\"false\" data-tab=\"2\" role=\"tab\" tabindex=\"-1\" aria-controls=\"efectivos-tab\" aria-expanded=\"false\">\n                            \n                                                        \n                                                            <span class=\"eael-tab-title title-after-icon\" >Efectivos<\/span>                            \n                                                    <\/li>\n                                            <li id=\"institucionales\" class=\"inactive eael-tab-item-trigger eael-tab-nav-item\" aria-selected=\"false\" data-tab=\"3\" role=\"tab\" tabindex=\"-1\" aria-controls=\"institucionales-tab\" aria-expanded=\"false\">\n                            \n                                                        \n                                                            <span class=\"eael-tab-title title-after-icon\" >Institucionales<\/span>                            \n                                                    <\/li>\n                                            <li id=\"honorarios\" class=\"inactive eael-tab-item-trigger eael-tab-nav-item\" aria-selected=\"false\" data-tab=\"4\" role=\"tab\" tabindex=\"-1\" aria-controls=\"honorarios-tab\" aria-expanded=\"false\">\n                            \n                                                        \n                                                            <span class=\"eael-tab-title title-after-icon\" >Honorarios<\/span>                            \n                                                    <\/li>\n                                            <li id=\"benefactores\" class=\"inactive eael-tab-item-trigger eael-tab-nav-item\" aria-selected=\"false\" data-tab=\"5\" role=\"tab\" tabindex=\"-1\" aria-controls=\"benefactores-tab\" aria-expanded=\"false\">\n                            \n                                                        \n                                                            <span class=\"eael-tab-title title-after-icon\" >Benefactores<\/span>                            \n                                                    <\/li>\n                    \n                                  <\/ul>\n            <\/div>\n            \n            <div class=\"eael-tabs-content\">\n\t\t        \n                    <div id=\"adjuntos-tab\" class=\"clearfix eael-tab-content-item inactive\" data-title-link=\"adjuntos-tab\">\n\t\t\t\t        <p><span style=\"color: #2f4858;\"><strong>SOCIOS ADJUNTOS<\/strong><\/span><\/p><p>Pueden ser socios adjuntos las personas que hayan aprobado el tercer a\u00f1o de estudios universitarios de matem\u00e1ticas o que desarrollen actividades que contribuyan al desarrollo de la Matem\u00e1tica. Los socios adjuntos tienen voz pero no voto en la Asamblea General.<\/p><p><strong>Los socios pueden elegir si desean recibir las Lecturas Matem\u00e1ticas de forma impresa o virtual\u00a0<\/strong><\/p>                    <\/div>\n\t\t        \n                    <div id=\"efectivos-tab\" class=\"clearfix eael-tab-content-item inactive\" data-title-link=\"efectivos-tab\">\n\t\t\t\t        <p><span style=\"color: #2f4858;\"><strong>SOCIOS EFECTIVOS<\/strong><\/span><\/p><p>Pueden ser socios efectivos los matem\u00e1ticos y los profesores universitarios de matem\u00e1ticas o las personas con t\u00edtulo universitario que desarrollen una labor cient\u00edfica estrechamente relacionada con las matem\u00e1ticas.<\/p><p><strong>Los socios pueden elegir si desean recibir las Lecturas Matem\u00e1ticas de forma impresa o virtual\u00a0<\/strong><\/p>                    <\/div>\n\t\t        \n                    <div id=\"institucionales-tab\" class=\"clearfix eael-tab-content-item inactive\" data-title-link=\"institucionales-tab\">\n\t\t\t\t        <p><span style=\"color: #2f4858;\"><strong>SOCIOS INSTITUCIONALES<\/strong><\/span><\/p><p>Pueden ser socios institucionales las entidades legalmente constituidas que agrupen personal de buen nivel matem\u00e1tico y desarrollen actividades relacionadas con esta ciencia.<\/p>                    <\/div>\n\t\t        \n                    <div id=\"honorarios-tab\" class=\"clearfix eael-tab-content-item inactive\" data-title-link=\"honorarios-tab\">\n\t\t\t\t        <p><span style=\"color: #2f4858;\"><strong>SOCIOS HONORARIOS<\/strong><\/span><\/p><p>Pueden ser socios honorarios los matem\u00e1ticos y otros cient\u00edficos que hayan contribuido significativamente al desarrollo de la Matem\u00e1tica. Las designaciones correspondientes se har\u00e1n mediante propuesta suscrita por lo menos por diez socios efectivos y aprobada un\u00e1nimemente por el Consejo Directivo.<\/p>                    <\/div>\n\t\t        \n                    <div id=\"benefactores-tab\" class=\"clearfix eael-tab-content-item inactive\" data-title-link=\"benefactores-tab\">\n\t\t\t\t        <p><span style=\"color: #2f4858;\"><strong>SOCIOS BENEFACTORES<\/strong><\/span><\/p><p>Pueden ser socios benefactores las personas y entidades que hayan hecho donaciones valiosas o prestado servicios notables a las SCM. Las designaciones se hacen mediante propuesta suscrita por lo menos por diez socios efectivos y aprobada un\u00e1nimemente por el consejo Directivo.<\/p>                    <\/div>\n\t\t                    <\/div>\n        <\/div>\n\t\t\t\t<\/div>\n\t\t\t\t<\/div>\n\t\t\t\t<\/div>\n\t\t<div class=\"elementor-element elementor-element-e678171 e-con-full e-flex e-con e-child\" data-id=\"e678171\" data-element_type=\"container\" data-settings=\"{&quot;jet_parallax_layout_list&quot;:[]}\">\n\t\t\t\t<div class=\"elementor-element elementor-element-1de9ffc elementor-widget elementor-widget-heading\" data-id=\"1de9ffc\" data-element_type=\"widget\" data-widget_type=\"heading.default\">\n\t\t\t\t<div class=\"elementor-widget-container\">\n\t\t\t\t\t<h2 class=\"elementor-heading-title elementor-size-default\">REGISTRO<\/h2>\t\t\t\t<\/div>\n\t\t\t\t<\/div>\n\t\t\t\t<div class=\"elementor-element elementor-element-6f5ca58 elementor-widget elementor-widget-text-editor\" data-id=\"6f5ca58\" data-element_type=\"widget\" data-widget_type=\"text-editor.default\">\n\t\t\t\t<div class=\"elementor-widget-container\">\n\t\t\t\t\t\t\t\t\t<p>Solicitud de afiliaci\u00f3n a la Sociedad Colombiana de Matem\u00e1ticas.<\/p>\t\t\t\t\t\t\t\t<\/div>\n\t\t\t\t<\/div>\n\t\t\t\t<div class=\"elementor-element elementor-element-5f0dc83 elementor-button-align-stretch elementor-widget elementor-widget-form\" data-id=\"5f0dc83\" data-element_type=\"widget\" data-settings=\"{&quot;step_next_label&quot;:&quot;Next&quot;,&quot;step_previous_label&quot;:&quot;Previous&quot;,&quot;button_width&quot;:&quot;100&quot;,&quot;step_type&quot;:&quot;number_text&quot;,&quot;step_icon_shape&quot;:&quot;circle&quot;}\" data-widget_type=\"form.default\">\n\t\t\t\t<div class=\"elementor-widget-container\">\n\t\t\t\t\t\t\t<form class=\"elementor-form\" method=\"post\" name=\"Registro nuevos socios\" aria-label=\"Registro nuevos socios\">\n\t\t\t<input type=\"hidden\" name=\"post_id\" value=\"424\"\/>\n\t\t\t<input type=\"hidden\" name=\"form_id\" value=\"5f0dc83\"\/>\n\t\t\t<input type=\"hidden\" name=\"referer_title\" value=\"Socios\" \/>\n\n\t\t\t\t\t\t\t<input type=\"hidden\" name=\"queried_id\" value=\"424\"\/>\n\t\t\t\n\t\t\t<div class=\"elementor-form-fields-wrapper elementor-labels-above\">\n\t\t\t\t\t\t\t\t<div class=\"elementor-field-type-text elementor-field-group elementor-column elementor-field-group-name elementor-col-100 elementor-field-required\">\n\t\t\t\t\t\t\t\t\t\t\t\t<label for=\"form-field-name\" class=\"elementor-field-label\">\n\t\t\t\t\t\t\t\tNombre completo \t\t\t\t\t\t\t<\/label>\n\t\t\t\t\t\t\t\t\t\t\t\t\t\t<input size=\"1\" type=\"text\" name=\"form_fields[name]\" id=\"form-field-name\" class=\"elementor-field elementor-size-sm  elementor-field-textual\" required=\"required\">\n\t\t\t\t\t\t\t\t\t\t\t<\/div>\n\t\t\t\t\t\t\t\t<div class=\"elementor-field-type-number elementor-field-group elementor-column elementor-field-group-message elementor-col-100\">\n\t\t\t\t\t\t\t\t\t\t\t\t<label for=\"form-field-message\" class=\"elementor-field-label\">\n\t\t\t\t\t\t\t\tNumero de documento\t\t\t\t\t\t\t<\/label>\n\t\t\t\t\t\t\t\t\t<input type=\"number\" name=\"form_fields[message]\" id=\"form-field-message\" class=\"elementor-field elementor-size-sm  elementor-field-textual\" min=\"\" max=\"\" >\n\t\t\t\t\t\t<\/div>\n\t\t\t\t\t\t\t\t<div class=\"elementor-field-type-text elementor-field-group elementor-column elementor-field-group-field_fd30a5a elementor-col-100 elementor-field-required\">\n\t\t\t\t\t\t\t\t\t\t\t\t<label for=\"form-field-field_fd30a5a\" class=\"elementor-field-label\">\n\t\t\t\t\t\t\t\tNombre de la instituci\u00f3n acad\u00e9mica a la que pertenece\t\t\t\t\t\t\t<\/label>\n\t\t\t\t\t\t\t\t\t\t\t\t\t\t<input size=\"1\" type=\"text\" name=\"form_fields[field_fd30a5a]\" id=\"form-field-field_fd30a5a\" class=\"elementor-field elementor-size-sm  elementor-field-textual\" required=\"required\">\n\t\t\t\t\t\t\t\t\t\t\t<\/div>\n\t\t\t\t\t\t\t\t<div class=\"elementor-field-type-email elementor-field-group elementor-column elementor-field-group-email elementor-col-100 elementor-field-required\">\n\t\t\t\t\t\t\t\t\t\t\t\t<label for=\"form-field-email\" class=\"elementor-field-label\">\n\t\t\t\t\t\t\t\tCorreo de contacto\t\t\t\t\t\t\t<\/label>\n\t\t\t\t\t\t\t\t\t\t\t\t\t\t<input size=\"1\" type=\"email\" name=\"form_fields[email]\" id=\"form-field-email\" class=\"elementor-field elementor-size-sm  elementor-field-textual\" required=\"required\">\n\t\t\t\t\t\t\t\t\t\t\t<\/div>\n\t\t\t\t\t\t\t\t<div class=\"elementor-field-type-tel elementor-field-group elementor-column elementor-field-group-field_2f3d141 elementor-col-100 elementor-field-required\">\n\t\t\t\t\t\t\t\t\t\t\t\t<label for=\"form-field-field_2f3d141\" class=\"elementor-field-label\">\n\t\t\t\t\t\t\t\tCelular de contacto\t\t\t\t\t\t\t<\/label>\n\t\t\t\t\t\t\t\t<input size=\"1\" type=\"tel\" name=\"form_fields[field_2f3d141]\" id=\"form-field-field_2f3d141\" class=\"elementor-field elementor-size-sm  elementor-field-textual\" required=\"required\" pattern=\"[0-9()#&amp;+*-=.]+\" title=\"Only numbers and phone characters (#, -, *, etc) are accepted.\">\n\n\t\t\t\t\t\t<\/div>\n\t\t\t\t\t\t\t\t<div class=\"elementor-field-type-acceptance elementor-field-group elementor-column elementor-field-group-field_bc6056b elementor-col-100 elementor-field-required\">\n\t\t\t\t\t\t\t<div class=\"elementor-field-subgroup\">\n\t\t\t<span class=\"elementor-field-option\">\n\t\t\t\t<input type=\"checkbox\" name=\"form_fields[field_bc6056b]\" id=\"form-field-field_bc6056b\" class=\"elementor-field elementor-size-sm  elementor-acceptance-field\" required=\"required\">\n\t\t\t\t<label for=\"form-field-field_bc6056b\">Acepto el tratamiento de datos personales de la SCM<\/label>\t\t\t<\/span>\n\t\t<\/div>\n\t\t\t\t\t\t<\/div>\n\t\t\t\t\t\t\t\t<div class=\"elementor-field-type-recaptcha elementor-field-group elementor-column elementor-field-group-field_0b3fda9 elementor-col-100\">\n\t\t\t\t\t<div class=\"elementor-field\" id=\"form-field-field_0b3fda9\"><div class=\"elementor-g-recaptcha\" data-sitekey=\"6LfR41MqAAAAALjLQGsaGS23EJj_V2N8WbrP_zyP\" data-type=\"v2_checkbox\" data-theme=\"light\" data-size=\"normal\"><\/div><\/div>\t\t\t\t<\/div>\n\t\t\t\t\t\t\t\t<div class=\"elementor-field-group elementor-column elementor-field-type-submit elementor-col-100 e-form__buttons\">\n\t\t\t\t\t<button class=\"elementor-button elementor-size-sm\" type=\"submit\">\n\t\t\t\t\t\t<span class=\"elementor-button-content-wrapper\">\n\t\t\t\t\t\t\t\t\t\t\t\t\t\t\t\t\t\t\t\t\t\t<span class=\"elementor-button-text\">Enviar<\/span>\n\t\t\t\t\t\t\t\t\t\t\t\t\t<\/span>\n\t\t\t\t\t<\/button>\n\t\t\t\t<\/div>\n\t\t\t<\/div>\n\t\t<\/form>\n\t\t\t\t\t\t<\/div>\n\t\t\t\t<\/div>\n\t\t\t\t<\/div>\n\t\t\t\t\t<\/div>\n\t\t\t\t<\/div>\n\t\t\t\t<\/div>\n\t\t","protected":false},"excerpt":{"rendered":"<p>SCM Socios La Sociedad Colombiana de Matem\u00e1ticas se compone de cinco tipos de socios: Adjuntos, efectivos, institucionales, honorarios y benefactores que buscan contribuir a su desarrollo profesional e institucional por medio de la participaci\u00f3n y liderazgo de proyectos e iniciativas que contribuyan al fomento del desarrollo de las matem\u00e1ticas del pa\u00eds. TIPOS DE SOCIOS SCM [&hellip;]<\/p>\n","protected":false},"author":1,"featured_media":0,"parent":72,"menu_order":0,"comment_status":"closed","ping_status":"closed","template":"","meta":{"footnotes":""},"class_list":["post-424","page","type-page","status-publish","hentry"],"_links":{"self":[{"href":"https:\/\/scm.org.co\/web\/wp-json\/wp\/v2\/pages\/424","targetHints":{"allow":["GET"]}}],"collection":[{"href":"https:\/\/scm.org.co\/web\/wp-json\/wp\/v2\/pages"}],"about":[{"href":"https:\/\/scm.org.co\/web\/wp-json\/wp\/v2\/types\/page"}],"author":[{"embeddable":true,"href":"https:\/\/scm.org.co\/web\/wp-json\/wp\/v2\/users\/1"}],"replies":[{"embeddable":true,"href":"https:\/\/scm.org.co\/web\/wp-json\/wp\/v2\/comments?post=424"}],"version-history":[{"count":76,"href":"https:\/\/scm.org.co\/web\/wp-json\/wp\/v2\/pages\/424\/revisions"}],"predecessor-version":[{"id":6133,"href":"https:\/\/scm.org.co\/web\/wp-json\/wp\/v2\/pages\/424\/revisions\/6133"}],"up":[{"embeddable":true,"href":"https:\/\/scm.org.co\/web\/wp-json\/wp\/v2\/pages\/72"}],"wp:attachment":[{"href":"https:\/\/scm.org.co\/web\/wp-json\/wp\/v2\/media?parent=424"}],"curies":[{"name":"wp","href":"https:\/\/api.w.org\/{rel}","templated":true}]}}