{"id":409,"date":"2024-11-09T16:14:43","date_gmt":"2024-11-09T21:14:43","guid":{"rendered":"https:\/\/scm.org.co\/web\/?page_id=409"},"modified":"2025-03-12T00:26:58","modified_gmt":"2025-03-12T05:26:58","slug":"premios","status":"publish","type":"page","link":"https:\/\/scm.org.co\/web\/sobre-la-scm\/premios\/","title":{"rendered":"Premios"},"content":{"rendered":"\t\t<div data-elementor-type=\"wp-page\" data-elementor-id=\"409\" class=\"elementor elementor-409\" data-elementor-post-type=\"page\">\n\t\t\t\t<div class=\"elementor-element elementor-element-2f59f34 e-flex e-con-boxed e-con e-parent\" data-id=\"2f59f34\" data-element_type=\"container\" data-settings=\"{&quot;jet_parallax_layout_list&quot;:[]}\">\n\t\t\t\t\t<div class=\"e-con-inner\">\n\t\t<div class=\"elementor-element elementor-element-18530e2 e-con-full e-flex e-con e-child\" data-id=\"18530e2\" data-element_type=\"container\" data-settings=\"{&quot;background_background&quot;:&quot;classic&quot;,&quot;jet_parallax_layout_list&quot;:[]}\">\n\t\t\t\t<\/div>\n\t\t<div class=\"elementor-element elementor-element-23543f0 e-con-full e-flex e-con e-child\" data-id=\"23543f0\" data-element_type=\"container\" data-settings=\"{&quot;background_background&quot;:&quot;gradient&quot;,&quot;jet_parallax_layout_list&quot;:[]}\">\n\t\t\t\t<div class=\"elementor-element elementor-element-2cd90f6 elementor-widget elementor-widget-heading\" data-id=\"2cd90f6\" data-element_type=\"widget\" data-widget_type=\"heading.default\">\n\t\t\t\t<div class=\"elementor-widget-container\">\n\t\t\t\t\t<h2 class=\"elementor-heading-title elementor-size-default\">SCM<\/h2>\t\t\t\t<\/div>\n\t\t\t\t<\/div>\n\t\t\t\t<div class=\"elementor-element elementor-element-cb4e638 elementor-widget elementor-widget-heading\" data-id=\"cb4e638\" data-element_type=\"widget\" data-widget_type=\"heading.default\">\n\t\t\t\t<div class=\"elementor-widget-container\">\n\t\t\t\t\t<h1 class=\"elementor-heading-title elementor-size-default\">Premios<\/h1>\t\t\t\t<\/div>\n\t\t\t\t<\/div>\n\t\t\t\t<\/div>\n\t\t\t\t\t<\/div>\n\t\t\t\t<\/div>\n\t\t<div class=\"elementor-element elementor-element-e98e166 e-flex e-con-boxed e-con e-parent\" data-id=\"e98e166\" data-element_type=\"container\" data-settings=\"{&quot;jet_parallax_layout_list&quot;:[]}\">\n\t\t\t\t\t<div class=\"e-con-inner\">\n\t\t<div class=\"elementor-element elementor-element-024012b e-con-full e-flex e-con e-child\" data-id=\"024012b\" data-element_type=\"container\" data-settings=\"{&quot;jet_parallax_layout_list&quot;:[]}\">\n\t\t\t\t<div class=\"elementor-element elementor-element-e506251 elementor-widget elementor-widget-heading\" data-id=\"e506251\" data-element_type=\"widget\" data-widget_type=\"heading.default\">\n\t\t\t\t<div class=\"elementor-widget-container\">\n\t\t\t\t\t<h2 class=\"elementor-heading-title elementor-size-default\">Premio Nacional de Matem\u00e1ticas <\/h2>\t\t\t\t<\/div>\n\t\t\t\t<\/div>\n\t\t\t\t<div class=\"elementor-element elementor-element-b9e27a9 elementor-widget elementor-widget-text-editor\" data-id=\"b9e27a9\" data-element_type=\"widget\" data-widget_type=\"text-editor.default\">\n\t\t\t\t<div class=\"elementor-widget-container\">\n\t\t\t\t\t\t\t\t\t<p style=\"text-align: justify;\">La Sociedad Colombiana de Matem\u00e1ticas otorga el Premio Nacional de Matem\u00e1ticas a aquellas personas que se hayan destacado en su quehacer profesional y que por medio del mismo hayan colaborado de manera fundamental al desarrollo de las matem\u00e1ticas en el pa\u00eds.\u00a0<\/p><p style=\"text-align: justify;\">El Premio Nacional de Matem\u00e1ticas se otorga en los Congresos Colombianos de Matem\u00e1ticas en Sesi\u00f3n Solemne del Consejo Directivo.\u00a0<\/p><p style=\"text-align: justify;\">Aprobado en Junta del Consejo Directivo del 15 de Noviembre de 2016.<br \/>Acta No. 4 de 2016.<\/p>\t\t\t\t\t\t\t\t<\/div>\n\t\t\t\t<\/div>\n\t\t\t\t<div class=\"elementor-element elementor-element-a3b2a0b elementor-widget elementor-widget-heading\" data-id=\"a3b2a0b\" data-element_type=\"widget\" data-widget_type=\"heading.default\">\n\t\t\t\t<div class=\"elementor-widget-container\">\n\t\t\t\t\t<h2 class=\"elementor-heading-title elementor-size-default\">Nominaciones<\/h2>\t\t\t\t<\/div>\n\t\t\t\t<\/div>\n\t\t\t\t<div class=\"elementor-element elementor-element-79e2877 elementor-widget elementor-widget-text-editor\" data-id=\"79e2877\" data-element_type=\"widget\" data-widget_type=\"text-editor.default\">\n\t\t\t\t<div class=\"elementor-widget-container\">\n\t\t\t\t\t\t\t\t\t<p style=\"text-align: justify;\">Los candidatos deber\u00e1n ser nominados por miembros de la Sociedad Colombiana de Matem\u00e1ticas o por instituciones acad\u00e9micas o cient\u00edficas del pa\u00eds. No se aceptar\u00e1n autonominaciones.<\/p>\t\t\t\t\t\t\t\t<\/div>\n\t\t\t\t<\/div>\n\t\t\t\t<div class=\"elementor-element elementor-element-2d0784a elementor-widget elementor-widget-heading\" data-id=\"2d0784a\" data-element_type=\"widget\" data-widget_type=\"heading.default\">\n\t\t\t\t<div class=\"elementor-widget-container\">\n\t\t\t\t\t<h2 class=\"elementor-heading-title elementor-size-default\">Documentaci\u00f3n requerida\n<\/h2>\t\t\t\t<\/div>\n\t\t\t\t<\/div>\n\t\t\t\t<div class=\"elementor-element elementor-element-7289d91 elementor-widget elementor-widget-text-editor\" data-id=\"7289d91\" data-element_type=\"widget\" data-widget_type=\"text-editor.default\">\n\t\t\t\t<div class=\"elementor-widget-container\">\n\t\t\t\t\t\t\t\t\t<ul><li style=\"text-align: justify;\">Carta de presentaci\u00f3n donde se explica por qu\u00e9 el candidato merece ser considerado para el Premio.<\/li><li style=\"text-align: justify;\">Al menos tres cartas de apoyo a la nominaci\u00f3n.<\/li><li style=\"text-align: justify;\">Hoja de Vida del candidato en formato libre.<\/li><\/ul>\t\t\t\t\t\t\t\t<\/div>\n\t\t\t\t<\/div>\n\t\t\t\t<\/div>\n\t\t<div class=\"elementor-element elementor-element-31e785b e-con-full e-flex e-con e-child\" data-id=\"31e785b\" data-element_type=\"container\" data-settings=\"{&quot;jet_parallax_layout_list&quot;:[]}\">\n\t\t\t\t<div class=\"elementor-element elementor-element-ababd9a elementor-widget elementor-widget-heading\" data-id=\"ababd9a\" data-element_type=\"widget\" data-widget_type=\"heading.default\">\n\t\t\t\t<div class=\"elementor-widget-container\">\n\t\t\t\t\t<h2 class=\"elementor-heading-title elementor-size-default\">Selecci\u00f3n<\/h2>\t\t\t\t<\/div>\n\t\t\t\t<\/div>\n\t\t\t\t<div class=\"elementor-element elementor-element-db77c80 elementor-widget elementor-widget-text-editor\" data-id=\"db77c80\" data-element_type=\"widget\" data-widget_type=\"text-editor.default\">\n\t\t\t\t<div class=\"elementor-widget-container\">\n\t\t\t\t\t\t\t\t\t<p>El Consejo Directivo de la Sociedad Colombiana de Matem\u00e1ticas elegir\u00e1 un Comit\u00e9 ad-hoc conformado por tres personas de reconocida trayectoria en el \u00e1mbito de las matem\u00e1ticas para que eval\u00fae las nominaciones y recomiende a un candidato. El Consejo Directivo de la Sociedad Colombiana de Matem\u00e1ticas decidir\u00e1 el nombre del ganador del Premio teniendo en cuenta la recomendaci\u00f3n del Comit\u00e9 Ad-hoc.<\/p>\t\t\t\t\t\t\t\t<\/div>\n\t\t\t\t<\/div>\n\t\t\t\t<div class=\"elementor-element elementor-element-d9040d4 elementor-widget elementor-widget-heading\" data-id=\"d9040d4\" data-element_type=\"widget\" data-widget_type=\"heading.default\">\n\t\t\t\t<div class=\"elementor-widget-container\">\n\t\t\t\t\t<h2 class=\"elementor-heading-title elementor-size-default\">Lineamientos para la selecci\u00f3n<\/h2>\t\t\t\t<\/div>\n\t\t\t\t<\/div>\n\t\t\t\t<div class=\"elementor-element elementor-element-382688a elementor-widget elementor-widget-text-editor\" data-id=\"382688a\" data-element_type=\"widget\" data-widget_type=\"text-editor.default\">\n\t\t\t\t<div class=\"elementor-widget-container\">\n\t\t\t\t\t\t\t\t\t<ul><li style=\"text-align: justify;\">Contribuci\u00f3n al fortalecimiento del recurso humano especializado en matem\u00e1ticas en Colombia<\/li><li style=\"text-align: justify;\">Relevancia e importancia de la investigaci\u00f3n hecha matem\u00e1ticas<\/li><li style=\"text-align: justify;\">Contribuci\u00f3n al desarrollo de las matem\u00e1ticas en Colombia<\/li><\/ul>\t\t\t\t\t\t\t\t<\/div>\n\t\t\t\t<\/div>\n\t\t\t\t<\/div>\n\t\t\t\t\t<\/div>\n\t\t\t\t<\/div>\n\t\t<div class=\"elementor-element elementor-element-28657b6 e-flex e-con-boxed e-con e-parent\" data-id=\"28657b6\" data-element_type=\"container\" data-settings=\"{&quot;jet_parallax_layout_list&quot;:[]}\">\n\t\t\t\t\t<div class=\"e-con-inner\">\n\t\t\t\t<div class=\"elementor-element elementor-element-6a2ef6e elementor-widget-divider--view-line elementor-widget elementor-widget-divider\" data-id=\"6a2ef6e\" data-element_type=\"widget\" data-widget_type=\"divider.default\">\n\t\t\t\t<div class=\"elementor-widget-container\">\n\t\t\t\t\t\t\t<div class=\"elementor-divider\">\n\t\t\t<span class=\"elementor-divider-separator\">\n\t\t\t\t\t\t<\/span>\n\t\t<\/div>\n\t\t\t\t\t\t<\/div>\n\t\t\t\t<\/div>\n\t\t\t\t\t<\/div>\n\t\t\t\t<\/div>\n\t\t<div class=\"elementor-element elementor-element-42cde14 e-flex e-con-boxed e-con e-parent\" data-id=\"42cde14\" data-element_type=\"container\" data-settings=\"{&quot;jet_parallax_layout_list&quot;:[]}\">\n\t\t\t\t\t<div class=\"e-con-inner\">\n\t\t<div class=\"elementor-element elementor-element-4d387ef e-con-full e-flex e-con e-child\" data-id=\"4d387ef\" data-element_type=\"container\" data-settings=\"{&quot;jet_parallax_layout_list&quot;:[]}\">\n\t\t\t\t<div class=\"elementor-element elementor-element-abb0cb4 elementor-widget elementor-widget-heading\" data-id=\"abb0cb4\" data-element_type=\"widget\" data-widget_type=\"heading.default\">\n\t\t\t\t<div class=\"elementor-widget-container\">\n\t\t\t\t\t<h2 class=\"elementor-heading-title elementor-size-default\">Premio Jos\u00e9 Celestino Mutis<\/h2>\t\t\t\t<\/div>\n\t\t\t\t<\/div>\n\t\t\t\t<div class=\"elementor-element elementor-element-3ba4bbb elementor-widget elementor-widget-text-editor\" data-id=\"3ba4bbb\" data-element_type=\"widget\" data-widget_type=\"text-editor.default\">\n\t\t\t\t<div class=\"elementor-widget-container\">\n\t\t\t\t\t\t\t\t\t<p style=\"text-align: justify;\">La Sociedad Colombiana de Matem\u00e1ticas otorga el Premio \u201cJos\u00e9 Celestino Mutis\u201d a la Ense\u00f1anza de las Matem\u00e1ticas a aquellos maestros de matem\u00e1ticas que se hayan destacado en su quehacer profesional y que por medio del mismo hayan contribuido de manera fundamental al desarrollo de las matem\u00e1ticas en el pa\u00eds.<\/p><p style=\"text-align: justify;\">El Premio \u201cJos\u00e9 Celestino Mutis\u201d a la Ense\u00f1anza de las Matem\u00e1ticas se otorga en los Congresos Colombianos de Matem\u00e1ticas en Sesi\u00f3n Solemne del Consejo Directivo.<\/p><p style=\"text-align: justify;\">Aprobado en Junta del Consejo Directivo del 15 de Noviembre de 2016.<br \/>Acta No. 4 de 2016.<\/p>\t\t\t\t\t\t\t\t<\/div>\n\t\t\t\t<\/div>\n\t\t\t\t<div class=\"elementor-element elementor-element-aab7bc7 elementor-widget elementor-widget-heading\" data-id=\"aab7bc7\" data-element_type=\"widget\" data-widget_type=\"heading.default\">\n\t\t\t\t<div class=\"elementor-widget-container\">\n\t\t\t\t\t<h2 class=\"elementor-heading-title elementor-size-default\">Antecedentes<\/h2>\t\t\t\t<\/div>\n\t\t\t\t<\/div>\n\t\t\t\t<div class=\"elementor-element elementor-element-95d69a0 elementor-widget elementor-widget-text-editor\" data-id=\"95d69a0\" data-element_type=\"widget\" data-widget_type=\"text-editor.default\">\n\t\t\t\t<div class=\"elementor-widget-container\">\n\t\t\t\t\t\t\t\t\t<p style=\"text-align: justify;\">El Consejo Directivo de la Sociedad Colombiana de Matem\u00e1ticas decide honrar al sacerdote y cient\u00edfico espa\u00f1ol radicado en la Nueva Granada, Jos\u00e9 Celestino Mutis, instaurando el Premio \u201cJos\u00e9 Celestino Mutis\u201d a la Ense\u00f1anza de las Matem\u00e1ticas.<\/p>\t\t\t\t\t\t\t\t<\/div>\n\t\t\t\t<\/div>\n\t\t\t\t<div class=\"elementor-element elementor-element-04ab683 elementor-widget elementor-widget-heading\" data-id=\"04ab683\" data-element_type=\"widget\" data-widget_type=\"heading.default\">\n\t\t\t\t<div class=\"elementor-widget-container\">\n\t\t\t\t\t<h2 class=\"elementor-heading-title elementor-size-default\">Nominaciones<\/h2>\t\t\t\t<\/div>\n\t\t\t\t<\/div>\n\t\t\t\t<div class=\"elementor-element elementor-element-0185c06 elementor-widget elementor-widget-text-editor\" data-id=\"0185c06\" data-element_type=\"widget\" data-widget_type=\"text-editor.default\">\n\t\t\t\t<div class=\"elementor-widget-container\">\n\t\t\t\t\t\t\t\t\t<p style=\"text-align: justify;\">Los candidatos deber\u00e1n ser nominados por miembros de la Sociedad Colombiana de Matem\u00e1ticas o por instituciones acad\u00e9micas o cient\u00edficas del pa\u00eds. No se aceptar\u00e1n autonominaciones.<\/p>\t\t\t\t\t\t\t\t<\/div>\n\t\t\t\t<\/div>\n\t\t\t\t<\/div>\n\t\t<div class=\"elementor-element elementor-element-cac8735 e-con-full e-flex e-con e-child\" data-id=\"cac8735\" data-element_type=\"container\" data-settings=\"{&quot;jet_parallax_layout_list&quot;:[]}\">\n\t\t\t\t<div class=\"elementor-element elementor-element-bcaa410 elementor-widget elementor-widget-heading\" data-id=\"bcaa410\" data-element_type=\"widget\" data-widget_type=\"heading.default\">\n\t\t\t\t<div class=\"elementor-widget-container\">\n\t\t\t\t\t<h2 class=\"elementor-heading-title elementor-size-default\">Documentaci\u00f3n requerida\n<\/h2>\t\t\t\t<\/div>\n\t\t\t\t<\/div>\n\t\t\t\t<div class=\"elementor-element elementor-element-d93b8de elementor-widget elementor-widget-text-editor\" data-id=\"d93b8de\" data-element_type=\"widget\" data-widget_type=\"text-editor.default\">\n\t\t\t\t<div class=\"elementor-widget-container\">\n\t\t\t\t\t\t\t\t\t<ul><li style=\"text-align: justify;\">Carta de presentaci\u00f3n donde se explica por qu\u00e9 el candidato merece ser considerado para el Premio.<\/li><li style=\"text-align: justify;\">Al menos tres cartas de apoyo a la nominaci\u00f3n.<\/li><li style=\"text-align: justify;\">Hoja de Vida del candidato en formato libre.<\/li><\/ul>\t\t\t\t\t\t\t\t<\/div>\n\t\t\t\t<\/div>\n\t\t\t\t<div class=\"elementor-element elementor-element-ae47eb7 elementor-widget elementor-widget-heading\" data-id=\"ae47eb7\" data-element_type=\"widget\" data-widget_type=\"heading.default\">\n\t\t\t\t<div class=\"elementor-widget-container\">\n\t\t\t\t\t<h2 class=\"elementor-heading-title elementor-size-default\">Selecci\u00f3n<\/h2>\t\t\t\t<\/div>\n\t\t\t\t<\/div>\n\t\t\t\t<div class=\"elementor-element elementor-element-608a140 elementor-widget elementor-widget-text-editor\" data-id=\"608a140\" data-element_type=\"widget\" data-widget_type=\"text-editor.default\">\n\t\t\t\t<div class=\"elementor-widget-container\">\n\t\t\t\t\t\t\t\t\t<p style=\"text-align: justify;\">El Consejo Directivo de la Sociedad Colombiana de Matem\u00e1ticas elegir\u00e1 un Comit\u00e9 ad-hoc conformado por tres personas de reconocida trayectoria en el \u00e1mbito de las matem\u00e1ticas para que eval\u00fae las nominaciones y recomiende a un candidato. El Consejo Directivo de la Sociedad Colombiana de Matem\u00e1ticas decidir\u00e1 el nombre del ganador del Premio teniendo en cuenta la recomendaci\u00f3n del Comit\u00e9 Ad-hoc.<\/p>\t\t\t\t\t\t\t\t<\/div>\n\t\t\t\t<\/div>\n\t\t\t\t<div class=\"elementor-element elementor-element-1ef77ba elementor-widget elementor-widget-heading\" data-id=\"1ef77ba\" data-element_type=\"widget\" data-widget_type=\"heading.default\">\n\t\t\t\t<div class=\"elementor-widget-container\">\n\t\t\t\t\t<h2 class=\"elementor-heading-title elementor-size-default\">Lineamientos para la selecci\u00f3n<\/h2>\t\t\t\t<\/div>\n\t\t\t\t<\/div>\n\t\t\t\t<div class=\"elementor-element elementor-element-579c465 elementor-widget elementor-widget-text-editor\" data-id=\"579c465\" data-element_type=\"widget\" data-widget_type=\"text-editor.default\">\n\t\t\t\t<div class=\"elementor-widget-container\">\n\t\t\t\t\t\t\t\t\t<p style=\"text-align: justify;\"><strong>Para la selecci\u00f3n del ganador del Premio \u201cJos\u00e9 Celestino Mutis\u201d a la Ense\u00f1anza en Matem\u00e1ticas se tendr\u00e1 en cuenta la siguiente informaci\u00f3n, aunque no de manera exclusiva:<\/strong><\/p><ul><li style=\"text-align: justify;\">Contribuci\u00f3n al fortalecimiento del recurso humano especializado en matem\u00e1ticas o en la ense\u00f1anza de las matem\u00e1ticas en Colombia.<\/li><li style=\"text-align: justify;\">Relevancia e importancia de la investigaci\u00f3n hecha en la ense\u00f1anza de las matem\u00e1ticas.<\/li><li style=\"text-align: justify;\">Contribuci\u00f3n al desarrollo de las matem\u00e1ticas y de su ense\u00f1anza en Colombia.<\/li><\/ul>\t\t\t\t\t\t\t\t<\/div>\n\t\t\t\t<\/div>\n\t\t\t\t<\/div>\n\t\t\t\t\t<\/div>\n\t\t\t\t<\/div>\n\t\t<div class=\"elementor-element elementor-element-8ed9bb4 e-flex e-con-boxed e-con e-parent\" data-id=\"8ed9bb4\" data-element_type=\"container\" data-settings=\"{&quot;jet_parallax_layout_list&quot;:[]}\">\n\t\t\t\t\t<div class=\"e-con-inner\">\n\t\t\t\t<div class=\"elementor-element elementor-element-91c1eff elementor-widget-divider--view-line elementor-widget elementor-widget-divider\" data-id=\"91c1eff\" data-element_type=\"widget\" data-widget_type=\"divider.default\">\n\t\t\t\t<div class=\"elementor-widget-container\">\n\t\t\t\t\t\t\t<div class=\"elementor-divider\">\n\t\t\t<span class=\"elementor-divider-separator\">\n\t\t\t\t\t\t<\/span>\n\t\t<\/div>\n\t\t\t\t\t\t<\/div>\n\t\t\t\t<\/div>\n\t\t\t\t\t<\/div>\n\t\t\t\t<\/div>\n\t\t<div class=\"elementor-element elementor-element-621cc95 e-flex e-con-boxed e-con e-parent\" data-id=\"621cc95\" data-element_type=\"container\" data-settings=\"{&quot;jet_parallax_layout_list&quot;:[]}\">\n\t\t\t\t\t<div class=\"e-con-inner\">\n\t\t<div class=\"elementor-element elementor-element-3c50c80 e-con-full e-flex e-con e-child\" data-id=\"3c50c80\" data-element_type=\"container\" data-settings=\"{&quot;jet_parallax_layout_list&quot;:[]}\">\n\t\t\t\t<div class=\"elementor-element elementor-element-aa1675e elementor-widget elementor-widget-heading\" data-id=\"aa1675e\" data-element_type=\"widget\" data-widget_type=\"heading.default\">\n\t\t\t\t<div class=\"elementor-widget-container\">\n\t\t\t\t\t<h2 class=\"elementor-heading-title elementor-size-default\">Premio Jos\u00e9 Fernando Escobar<\/h2>\t\t\t\t<\/div>\n\t\t\t\t<\/div>\n\t\t\t\t<div class=\"elementor-element elementor-element-c05622a elementor-widget elementor-widget-text-editor\" data-id=\"c05622a\" data-element_type=\"widget\" data-widget_type=\"text-editor.default\">\n\t\t\t\t<div class=\"elementor-widget-container\">\n\t\t\t\t\t\t\t\t\t<div class=\"wpb_text_column wpb_content_element \"><div class=\"wpb_wrapper\"><p>El Premio Jos\u00e9 Fernando Escobar a la Investigaci\u00f3n en Matem\u00e1ticas se otorga a aquellas personas que hayan sobresalido en su investigaci\u00f3n en matem\u00e1ticas puras o aplicadas, mediante el logro de resultados excepcionales previamente publicados.<\/p><p>El Premio \u201cJos\u00e9 Fernando Escobar\u201d a la Investigaci\u00f3n en Matem\u00e1ticas se otorga en los Congresos Colombianos de Matem\u00e1ticas en Sesi\u00f3n Solemne del Consejo Directivo.<\/p><\/div><\/div><div class=\"wpb_text_column wpb_content_element \"><div class=\"wpb_wrapper\"><p>Aprobado en Junta del Consejo Directivo del 15 de Noviembre de 2016.<br \/>Acta No. 4 de 2016.<\/p><\/div><\/div>\t\t\t\t\t\t\t\t<\/div>\n\t\t\t\t<\/div>\n\t\t\t\t<div class=\"elementor-element elementor-element-17f9fcf elementor-widget elementor-widget-heading\" data-id=\"17f9fcf\" data-element_type=\"widget\" data-widget_type=\"heading.default\">\n\t\t\t\t<div class=\"elementor-widget-container\">\n\t\t\t\t\t<h2 class=\"elementor-heading-title elementor-size-default\">Antecedentes<\/h2>\t\t\t\t<\/div>\n\t\t\t\t<\/div>\n\t\t\t\t<div class=\"elementor-element elementor-element-05d9a1a elementor-widget elementor-widget-text-editor\" data-id=\"05d9a1a\" data-element_type=\"widget\" data-widget_type=\"text-editor.default\">\n\t\t\t\t<div class=\"elementor-widget-container\">\n\t\t\t\t\t\t\t\t\t<p style=\"text-align: justify;\">El Consejo Directivo de la Sociedad Colombiana de Matem\u00e1ticas instaura este premio para honrar la memoria del matem\u00e1tico colombiano Jos\u00e9 Fernando Escobar.<\/p>\t\t\t\t\t\t\t\t<\/div>\n\t\t\t\t<\/div>\n\t\t\t\t<div class=\"elementor-element elementor-element-b048394 elementor-widget elementor-widget-heading\" data-id=\"b048394\" data-element_type=\"widget\" data-widget_type=\"heading.default\">\n\t\t\t\t<div class=\"elementor-widget-container\">\n\t\t\t\t\t<h2 class=\"elementor-heading-title elementor-size-default\">Requisitos<\/h2>\t\t\t\t<\/div>\n\t\t\t\t<\/div>\n\t\t\t\t<div class=\"elementor-element elementor-element-2f803d3 elementor-widget elementor-widget-text-editor\" data-id=\"2f803d3\" data-element_type=\"widget\" data-widget_type=\"text-editor.default\">\n\t\t\t\t<div class=\"elementor-widget-container\">\n\t\t\t\t\t\t\t\t\t<p style=\"text-align: justify;\">El art\u00edculo o los art\u00edculos donde se presentan los resultados obtenidos deben haber sido publicados con la direcci\u00f3n de la instituci\u00f3n Colombiana con la cual el candidato cuenta con alg\u00fan v\u00ednculo.<\/p>\t\t\t\t\t\t\t\t<\/div>\n\t\t\t\t<\/div>\n\t\t\t\t<div class=\"elementor-element elementor-element-141065d elementor-widget elementor-widget-heading\" data-id=\"141065d\" data-element_type=\"widget\" data-widget_type=\"heading.default\">\n\t\t\t\t<div class=\"elementor-widget-container\">\n\t\t\t\t\t<h2 class=\"elementor-heading-title elementor-size-default\">Nominaciones<\/h2>\t\t\t\t<\/div>\n\t\t\t\t<\/div>\n\t\t\t\t<div class=\"elementor-element elementor-element-5df0bf6 elementor-widget elementor-widget-text-editor\" data-id=\"5df0bf6\" data-element_type=\"widget\" data-widget_type=\"text-editor.default\">\n\t\t\t\t<div class=\"elementor-widget-container\">\n\t\t\t\t\t\t\t\t\t<p style=\"text-align: justify;\">Los candidatos deber\u00e1n ser nominados por miembros de la Sociedad Colombiana de Matem\u00e1ticas o por instituciones acad\u00e9micas o cient\u00edficas del pa\u00eds. No se aceptar\u00e1n autonominaciones.<\/p>\t\t\t\t\t\t\t\t<\/div>\n\t\t\t\t<\/div>\n\t\t\t\t<\/div>\n\t\t<div class=\"elementor-element elementor-element-78b279c e-con-full e-flex e-con e-child\" data-id=\"78b279c\" data-element_type=\"container\" data-settings=\"{&quot;jet_parallax_layout_list&quot;:[]}\">\n\t\t\t\t<div class=\"elementor-element elementor-element-7c3b725 elementor-widget elementor-widget-heading\" data-id=\"7c3b725\" data-element_type=\"widget\" data-widget_type=\"heading.default\">\n\t\t\t\t<div class=\"elementor-widget-container\">\n\t\t\t\t\t<h2 class=\"elementor-heading-title elementor-size-default\">Documentaci\u00f3n requerida\n<\/h2>\t\t\t\t<\/div>\n\t\t\t\t<\/div>\n\t\t\t\t<div class=\"elementor-element elementor-element-10dc782 elementor-widget elementor-widget-text-editor\" data-id=\"10dc782\" data-element_type=\"widget\" data-widget_type=\"text-editor.default\">\n\t\t\t\t<div class=\"elementor-widget-container\">\n\t\t\t\t\t\t\t\t\t<ul><li>Carta de presentaci\u00f3n donde se explica la relevancia y la importancia de la investigaci\u00f3n del candidato.<\/li><li>Copia del art\u00edculo o de los art\u00edculos donde se presentan los resultados de la investigaci\u00f3n<\/li><li>Tres cartas de apoyo a la nominaci\u00f3n. Preferiblemente de expertos en el \u00e1rea de investigaci\u00f3n del candidato.<\/li><li>Hoja de Vida del candidato en formato libre.<\/li><li style=\"text-align: justify;\">\u00a0<\/li><\/ul>\t\t\t\t\t\t\t\t<\/div>\n\t\t\t\t<\/div>\n\t\t\t\t<div class=\"elementor-element elementor-element-a8d11d8 elementor-widget elementor-widget-heading\" data-id=\"a8d11d8\" data-element_type=\"widget\" data-widget_type=\"heading.default\">\n\t\t\t\t<div class=\"elementor-widget-container\">\n\t\t\t\t\t<h2 class=\"elementor-heading-title elementor-size-default\">Selecci\u00f3n<\/h2>\t\t\t\t<\/div>\n\t\t\t\t<\/div>\n\t\t\t\t<div class=\"elementor-element elementor-element-1e25694 elementor-widget elementor-widget-text-editor\" data-id=\"1e25694\" data-element_type=\"widget\" data-widget_type=\"text-editor.default\">\n\t\t\t\t<div class=\"elementor-widget-container\">\n\t\t\t\t\t\t\t\t\t<p style=\"text-align: justify;\">El Consejo Directivo de la Sociedad Colombiana de Matem\u00e1ticas elegir\u00e1 un Comit\u00e9 ad-hoc conformado por tres personas de reconocida trayectoria en el \u00e1mbito de las matem\u00e1ticas para que eval\u00fae las nominaciones y recomiende a un candidato. El Consejo Directivo de la Sociedad Colombiana de Matem\u00e1ticas decidir\u00e1 el nombre del ganador del Premio teniendo en cuenta la recomendaci\u00f3n del Comit\u00e9 Ad-hoc. Nota: En el caso en que las investigaciones presentadas para postular al Premio Jos\u00e9 Fernando Escobar a la Investigaci\u00f3n en Matem\u00e1ticas sean en coautor\u00eda, se podr\u00e1 postular a los coautores siempre y cuando cumplan los requisitos previamente descritos.<\/p>\t\t\t\t\t\t\t\t<\/div>\n\t\t\t\t<\/div>\n\t\t\t\t<\/div>\n\t\t\t\t\t<\/div>\n\t\t\t\t<\/div>\n\t\t\t\t<\/div>\n\t\t","protected":false},"excerpt":{"rendered":"<p>SCM Premios Premio Nacional de Matem\u00e1ticas La Sociedad Colombiana de Matem\u00e1ticas otorga el Premio Nacional de Matem\u00e1ticas a aquellas personas que se hayan destacado en su quehacer profesional y que por medio del mismo hayan colaborado de manera fundamental al desarrollo de las matem\u00e1ticas en el pa\u00eds.\u00a0 El Premio Nacional de Matem\u00e1ticas se otorga en [&hellip;]<\/p>\n","protected":false},"author":1,"featured_media":0,"parent":72,"menu_order":0,"comment_status":"closed","ping_status":"closed","template":"","meta":{"footnotes":""},"class_list":["post-409","page","type-page","status-publish","hentry"],"_links":{"self":[{"href":"https:\/\/scm.org.co\/web\/wp-json\/wp\/v2\/pages\/409","targetHints":{"allow":["GET"]}}],"collection":[{"href":"https:\/\/scm.org.co\/web\/wp-json\/wp\/v2\/pages"}],"about":[{"href":"https:\/\/scm.org.co\/web\/wp-json\/wp\/v2\/types\/page"}],"author":[{"embeddable":true,"href":"https:\/\/scm.org.co\/web\/wp-json\/wp\/v2\/users\/1"}],"replies":[{"embeddable":true,"href":"https:\/\/scm.org.co\/web\/wp-json\/wp\/v2\/comments?post=409"}],"version-history":[{"count":37,"href":"https:\/\/scm.org.co\/web\/wp-json\/wp\/v2\/pages\/409\/revisions"}],"predecessor-version":[{"id":2477,"href":"https:\/\/scm.org.co\/web\/wp-json\/wp\/v2\/pages\/409\/revisions\/2477"}],"up":[{"embeddable":true,"href":"https:\/\/scm.org.co\/web\/wp-json\/wp\/v2\/pages\/72"}],"wp:attachment":[{"href":"https:\/\/scm.org.co\/web\/wp-json\/wp\/v2\/media?parent=409"}],"curies":[{"name":"wp","href":"https:\/\/api.w.org\/{rel}","templated":true}]}}