{"id":348,"date":"2024-11-09T13:59:02","date_gmt":"2024-11-09T18:59:02","guid":{"rendered":"https:\/\/scm.org.co\/web\/?page_id=348"},"modified":"2025-03-12T00:23:33","modified_gmt":"2025-03-12T05:23:33","slug":"mapa-del-sitio","status":"publish","type":"page","link":"https:\/\/scm.org.co\/web\/mapa-del-sitio\/","title":{"rendered":"Mapa del Sitio"},"content":{"rendered":"\t\t<div data-elementor-type=\"wp-page\" data-elementor-id=\"348\" class=\"elementor elementor-348\" data-elementor-post-type=\"page\">\n\t\t\t\t<div class=\"elementor-element elementor-element-2f91519 e-flex e-con-boxed e-con e-parent\" data-id=\"2f91519\" data-element_type=\"container\" data-settings=\"{&quot;jet_parallax_layout_list&quot;:[]}\">\n\t\t\t\t\t<div class=\"e-con-inner\">\n\t\t<div class=\"elementor-element elementor-element-f9d79a4 e-con-full e-flex e-con e-child\" data-id=\"f9d79a4\" data-element_type=\"container\" data-settings=\"{&quot;background_background&quot;:&quot;classic&quot;,&quot;jet_parallax_layout_list&quot;:[]}\">\n\t\t\t\t<\/div>\n\t\t<div class=\"elementor-element elementor-element-8614f5b e-con-full e-flex e-con e-child\" data-id=\"8614f5b\" data-element_type=\"container\" data-settings=\"{&quot;background_background&quot;:&quot;gradient&quot;,&quot;jet_parallax_layout_list&quot;:[]}\">\n\t\t\t\t<div class=\"elementor-element elementor-element-9d37637 elementor-widget elementor-widget-heading\" data-id=\"9d37637\" data-element_type=\"widget\" data-widget_type=\"heading.default\">\n\t\t\t\t<div class=\"elementor-widget-container\">\n\t\t\t\t\t<h2 class=\"elementor-heading-title elementor-size-default\">SCM<\/h2>\t\t\t\t<\/div>\n\t\t\t\t<\/div>\n\t\t\t\t<div class=\"elementor-element elementor-element-173b2e1 elementor-widget elementor-widget-heading\" data-id=\"173b2e1\" data-element_type=\"widget\" data-widget_type=\"heading.default\">\n\t\t\t\t<div class=\"elementor-widget-container\">\n\t\t\t\t\t<h1 class=\"elementor-heading-title elementor-size-default\">Mapa del Sitio<\/h1>\t\t\t\t<\/div>\n\t\t\t\t<\/div>\n\t\t\t\t<\/div>\n\t\t\t\t\t<\/div>\n\t\t\t\t<\/div>\n\t\t<div class=\"elementor-element elementor-element-855b3df e-flex e-con-boxed e-con e-parent\" data-id=\"855b3df\" data-element_type=\"container\" data-settings=\"{&quot;jet_parallax_layout_list&quot;:[]}\">\n\t\t\t\t\t<div class=\"e-con-inner\">\n\t\t\t\t<div class=\"elementor-element elementor-element-b479fa5 elementor-widget elementor-widget-sitemap\" data-id=\"b479fa5\" data-element_type=\"widget\" data-widget_type=\"sitemap.default\">\n\t\t\t\t<div class=\"elementor-widget-container\">\n\t\t\t\t\t<div class=\"elementor-sitemap-wrap\"><div class=\"elementor-sitemap-section\"><h2 class=\"elementor-sitemap-title elementor-sitemap-page-title\">P\u00e1ginas<\/h2><ul class=\"elementor-sitemap-list elementor-sitemap-page-list\"><li class=\"elementor-sitemap-item elementor-sitemap-item-page page_item page-item-9\"><a href=\"https:\/\/scm.org.co\/web\/\">Inicio<\/a><\/li><li class=\"elementor-sitemap-item elementor-sitemap-item-page page_item page-item-72\"><a href=\"https:\/\/scm.org.co\/web\/sobre-la-scm\/\">Sobre La SCM<\/a><ul class='children'><li class=\"elementor-sitemap-item elementor-sitemap-item-page page_item page-item-76\"><a href=\"https:\/\/scm.org.co\/web\/sobre-la-scm\/documentos\/\">Documentos<\/a><\/li><li class=\"elementor-sitemap-item elementor-sitemap-item-page page_item page-item-407\"><a href=\"https:\/\/scm.org.co\/web\/sobre-la-scm\/historia\/\">Historia<\/a><\/li><li class=\"elementor-sitemap-item elementor-sitemap-item-page page_item page-item-409\"><a href=\"https:\/\/scm.org.co\/web\/sobre-la-scm\/premios\/\">Premios<\/a><\/li><li class=\"elementor-sitemap-item elementor-sitemap-item-page page_item page-item-411\"><a href=\"https:\/\/scm.org.co\/web\/sobre-la-scm\/semblanzas\/\">Semblanzas<\/a><\/li><li class=\"elementor-sitemap-item elementor-sitemap-item-page page_item page-item-419\"><a href=\"https:\/\/scm.org.co\/web\/sobre-la-scm\/consejo-directivo\/\">Consejo Directivo<\/a><\/li><li class=\"elementor-sitemap-item elementor-sitemap-item-page page_item page-item-424\"><a href=\"https:\/\/scm.org.co\/web\/sobre-la-scm\/socios\/\">Socios<\/a><ul class='children'><li class=\"elementor-sitemap-item elementor-sitemap-item-page page_item page-item-1962\"><a href=\"https:\/\/scm.org.co\/web\/sobre-la-scm\/socios\/pagos\/\">Pagos<\/a><\/li><\/ul><\/li><li class=\"elementor-sitemap-item elementor-sitemap-item-page page_item page-item-426\"><a href=\"https:\/\/scm.org.co\/web\/sobre-la-scm\/estatutos-y-protocolos\/\">Estatutos y Protocolos<\/a><\/li><li class=\"elementor-sitemap-item elementor-sitemap-item-page page_item page-item-550\"><a href=\"https:\/\/scm.org.co\/web\/sobre-la-scm\/identidad-visual\/\">Identidad Visual<\/a><\/li><\/ul><\/li><li class=\"elementor-sitemap-item elementor-sitemap-item-page page_item page-item-74\"><a href=\"https:\/\/scm.org.co\/web\/noticias\/\">Noticias<\/a><\/li><li class=\"elementor-sitemap-item elementor-sitemap-item-page page_item page-item-80\"><a href=\"https:\/\/scm.org.co\/web\/proyectos\/\">Proyectos<\/a><\/li><li class=\"elementor-sitemap-item elementor-sitemap-item-page page_item page-item-82\"><a href=\"https:\/\/scm.org.co\/web\/comisiones\/\">Comisiones<\/a><ul class='children'><li class=\"elementor-sitemap-item elementor-sitemap-item-page page_item page-item-474\"><a href=\"https:\/\/scm.org.co\/web\/comisiones\/educacion-y-divulgacion-matematica\/\">Educaci\u00f3n y Divulgaci\u00f3n Matem\u00e1tica<\/a><\/li><li class=\"elementor-sitemap-item elementor-sitemap-item-page page_item page-item-476\"><a href=\"https:\/\/scm.org.co\/web\/comisiones\/equidad-y-genero\/\">Equidad y G\u00e9nero<\/a><\/li><li class=\"elementor-sitemap-item elementor-sitemap-item-page page_item page-item-478\"><a href=\"https:\/\/scm.org.co\/web\/comisiones\/matematicas-aplicadas-e-industriales\/\">Matem\u00e1ticas Aplicadas e Industriales<\/a><\/li><\/ul><\/li><li class=\"elementor-sitemap-item elementor-sitemap-item-page page_item page-item-84\"><a href=\"https:\/\/scm.org.co\/web\/circulos-matematicos\/\">C\u00edrculos Matem\u00e1ticos<\/a><\/li><li class=\"elementor-sitemap-item elementor-sitemap-item-page page_item page-item-91\"><a href=\"https:\/\/scm.org.co\/web\/publicaciones\/\">Publicaciones<\/a><ul class='children'><li class=\"elementor-sitemap-item elementor-sitemap-item-page page_item page-item-459\"><a href=\"https:\/\/scm.org.co\/web\/publicaciones\/herramientas-de-docencia\/\">Herramientas de Docencia<\/a><\/li><li class=\"elementor-sitemap-item elementor-sitemap-item-page page_item page-item-461\"><a href=\"https:\/\/scm.org.co\/web\/publicaciones\/revista-colombiana-de-matematicas\/\">Revista Colombiana de Matem\u00e1ticas<\/a><\/li><li class=\"elementor-sitemap-item elementor-sitemap-item-page page_item page-item-463\"><a href=\"https:\/\/scm.org.co\/web\/publicaciones\/lecturas-matematicas\/\">Lecturas Matem\u00e1ticas<\/a><\/li><\/ul><\/li><li class=\"elementor-sitemap-item elementor-sitemap-item-page page_item page-item-133\"><a href=\"https:\/\/scm.org.co\/web\/buscar\/\">Buscar<\/a><\/li><li class=\"elementor-sitemap-item elementor-sitemap-item-page page_item page-item-443\"><a href=\"https:\/\/scm.org.co\/web\/congresos\/\">Congresos<\/a><ul class='children'><li class=\"elementor-sitemap-item elementor-sitemap-item-page page_item page-item-238\"><a href=\"https:\/\/scm.org.co\/web\/congresos\/congreso-colombiano-de-matematicas\/\">XXIV Congreso Colombiano de Matem\u00e1ticas 2025<\/a><ul class='children'><li class=\"elementor-sitemap-item elementor-sitemap-item-page page_item page-item-1410\"><a href=\"https:\/\/scm.org.co\/web\/congresos\/congreso-colombiano-de-matematicas\/ponencias\/\">Ponencias<\/a><\/li><li class=\"elementor-sitemap-item elementor-sitemap-item-page page_item page-item-1431\"><a href=\"https:\/\/scm.org.co\/web\/congresos\/congreso-colombiano-de-matematicas\/registro\/\">Registro<\/a><\/li><li class=\"elementor-sitemap-item elementor-sitemap-item-page page_item page-item-1462\"><a href=\"https:\/\/scm.org.co\/web\/congresos\/congreso-colombiano-de-matematicas\/costos\/\">Costos<\/a><\/li><li class=\"elementor-sitemap-item elementor-sitemap-item-page page_item page-item-1737\"><a href=\"https:\/\/scm.org.co\/web\/congresos\/congreso-colombiano-de-matematicas\/turismo\/\">Turismo<\/a><\/li><li class=\"elementor-sitemap-item elementor-sitemap-item-page page_item page-item-1739\"><a href=\"https:\/\/scm.org.co\/web\/congresos\/congreso-colombiano-de-matematicas\/hoteles\/\">Hoteles<\/a><\/li><li class=\"elementor-sitemap-item elementor-sitemap-item-page page_item page-item-1835\"><a href=\"https:\/\/scm.org.co\/web\/congresos\/congreso-colombiano-de-matematicas\/pagos\/\">Pagos<\/a><\/li><li class=\"elementor-sitemap-item elementor-sitemap-item-page page_item page-item-3471\"><a href=\"https:\/\/scm.org.co\/web\/congresos\/congreso-colombiano-de-matematicas\/guia\/\">Gu\u00eda<\/a><\/li><li class=\"elementor-sitemap-item elementor-sitemap-item-page page_item page-item-3572\"><a href=\"https:\/\/scm.org.co\/web\/congresos\/congreso-colombiano-de-matematicas\/programacion\/\">Programaci\u00f3n<\/a><\/li><li class=\"elementor-sitemap-item elementor-sitemap-item-page page_item page-item-4787\"><a href=\"https:\/\/scm.org.co\/web\/congresos\/congreso-colombiano-de-matematicas\/cena\/\">Cena<\/a><\/li><\/ul><\/li><li class=\"elementor-sitemap-item elementor-sitemap-item-page page_item page-item-5537\"><a href=\"https:\/\/scm.org.co\/web\/congresos\/mapi-4\/\">Cuarta Conferencia Colombiana de Matem\u00e1ticas Aplicadas e Industriales, MAPI 4<\/a><\/li><\/ul><\/li><li class=\"elementor-sitemap-item elementor-sitemap-item-page page_item page-item-448\"><a href=\"https:\/\/scm.org.co\/web\/contacto\/\">Contacto<\/a><\/li><li class=\"elementor-sitemap-item elementor-sitemap-item-page page_item page-item-489\"><a href=\"https:\/\/scm.org.co\/web\/convocatorias\/\">Convocatorias<\/a><\/li><li class=\"elementor-sitemap-item elementor-sitemap-item-page page_item page-item-1283\"><a href=\"https:\/\/scm.org.co\/web\/proyectos-2\/\">Proyectos<\/a><\/li><li class=\"elementor-sitemap-item elementor-sitemap-item-page page_item page-item-1896\"><a href=\"https:\/\/scm.org.co\/web\/politica-de-privacidad-y-tratamiento-de-la-informacion\/\">Pol\u00edtica de Privacidad y Tratamiento de la Informaci\u00f3n<\/a><\/li><li class=\"elementor-sitemap-item elementor-sitemap-item-page page_item page-item-3538\"><a href=\"https:\/\/scm.org.co\/web\/elecciones\/\">Elecciones<\/a><\/li><li class=\"elementor-sitemap-item elementor-sitemap-item-page page_item page-item-4193\"><a href=\"https:\/\/scm.org.co\/web\/prueba\/\">Prueba<\/a><\/li><li class=\"elementor-sitemap-item elementor-sitemap-item-page page_item page-item-5192\"><a href=\"https:\/\/scm.org.co\/web\/circulos-matematicos-colombia\/\">C\u00edrculos Matem\u00e1ticos Colombia<\/a><\/li><li class=\"elementor-sitemap-item elementor-sitemap-item-page page_item page-item-5780\"><a href=\"https:\/\/scm.org.co\/web\/mujeresmatematicas\/\">#5780 (sin t\u00edtulo)<\/a><\/li><\/ul><\/div><\/div>\t\t\t\t<\/div>\n\t\t\t\t<\/div>\n\t\t\t\t\t<\/div>\n\t\t\t\t<\/div>\n\t\t\t\t<\/div>\n\t\t","protected":false},"excerpt":{"rendered":"<p>SCM Mapa del Sitio<\/p>\n","protected":false},"author":1,"featured_media":0,"parent":0,"menu_order":0,"comment_status":"closed","ping_status":"closed","template":"","meta":{"footnotes":""},"class_list":["post-348","page","type-page","status-publish","hentry"],"_links":{"self":[{"href":"https:\/\/scm.org.co\/web\/wp-json\/wp\/v2\/pages\/348","targetHints":{"allow":["GET"]}}],"collection":[{"href":"https:\/\/scm.org.co\/web\/wp-json\/wp\/v2\/pages"}],"about":[{"href":"https:\/\/scm.org.co\/web\/wp-json\/wp\/v2\/types\/page"}],"author":[{"embeddable":true,"href":"https:\/\/scm.org.co\/web\/wp-json\/wp\/v2\/users\/1"}],"replies":[{"embeddable":true,"href":"https:\/\/scm.org.co\/web\/wp-json\/wp\/v2\/comments?post=348"}],"version-history":[{"count":28,"href":"https:\/\/scm.org.co\/web\/wp-json\/wp\/v2\/pages\/348\/revisions"}],"predecessor-version":[{"id":2455,"href":"https:\/\/scm.org.co\/web\/wp-json\/wp\/v2\/pages\/348\/revisions\/2455"}],"wp:attachment":[{"href":"https:\/\/scm.org.co\/web\/wp-json\/wp\/v2\/media?parent=348"}],"curies":[{"name":"wp","href":"https:\/\/api.w.org\/{rel}","templated":true}]}}