{"id":3471,"date":"2025-05-12T08:02:36","date_gmt":"2025-05-12T13:02:36","guid":{"rendered":"https:\/\/scm.org.co\/web\/?page_id=3471"},"modified":"2025-05-12T08:09:52","modified_gmt":"2025-05-12T13:09:52","slug":"guia","status":"publish","type":"page","link":"https:\/\/scm.org.co\/web\/congresos\/congreso-colombiano-de-matematicas\/guia\/","title":{"rendered":"Gu\u00eda"},"content":{"rendered":"\t\t<div data-elementor-type=\"wp-page\" data-elementor-id=\"3471\" class=\"elementor elementor-3471\" data-elementor-post-type=\"page\">\n\t\t\t\t<div class=\"elementor-element elementor-element-a25b528 e-flex e-con-boxed e-con e-parent\" data-id=\"a25b528\" data-element_type=\"container\" data-settings=\"{&quot;jet_parallax_layout_list&quot;:[]}\">\n\t\t\t\t\t<div class=\"e-con-inner\">\n\t\t<div class=\"elementor-element elementor-element-5a37ca3 e-con-full e-flex e-con e-child\" data-id=\"5a37ca3\" data-element_type=\"container\" data-settings=\"{&quot;background_background&quot;:&quot;classic&quot;,&quot;jet_parallax_layout_list&quot;:[]}\">\n\t\t\t\t<\/div>\n\t\t<div class=\"elementor-element elementor-element-d449dd1 e-con-full e-flex e-con e-child\" data-id=\"d449dd1\" data-element_type=\"container\" data-settings=\"{&quot;background_background&quot;:&quot;slideshow&quot;,&quot;background_slideshow_gallery&quot;:[{&quot;id&quot;:1098,&quot;url&quot;:&quot;https:\\\/\\\/scm.org.co\\\/web\\\/wp-content\\\/uploads\\\/2024\\\/11\\\/Banner-Congreso.png&quot;}],&quot;jet_parallax_layout_list&quot;:[],&quot;background_slideshow_loop&quot;:&quot;yes&quot;,&quot;background_slideshow_slide_duration&quot;:5000,&quot;background_slideshow_slide_transition&quot;:&quot;fade&quot;,&quot;background_slideshow_transition_duration&quot;:500}\">\n\t\t\t\t<div class=\"elementor-element elementor-element-5900671 elementor-widget elementor-widget-heading\" data-id=\"5900671\" data-element_type=\"widget\" data-widget_type=\"heading.default\">\n\t\t\t\t<div class=\"elementor-widget-container\">\n\t\t\t\t\t<h2 class=\"elementor-heading-title elementor-size-default\">SCM<\/h2>\t\t\t\t<\/div>\n\t\t\t\t<\/div>\n\t\t\t\t<div class=\"elementor-element elementor-element-28e0374 elementor-widget elementor-widget-heading\" data-id=\"28e0374\" data-element_type=\"widget\" data-widget_type=\"heading.default\">\n\t\t\t\t<div class=\"elementor-widget-container\">\n\t\t\t\t\t<h1 class=\"elementor-heading-title elementor-size-default\">XXIV Congreso Colombiano de Matem\u00e1ticas - Turismo<\/h1>\t\t\t\t<\/div>\n\t\t\t\t<\/div>\n\t\t\t\t<\/div>\n\t\t\t\t\t<\/div>\n\t\t\t\t<\/div>\n\t\t<div class=\"elementor-element elementor-element-acb9df4 e-flex e-con-boxed e-con e-parent\" data-id=\"acb9df4\" data-element_type=\"container\" data-settings=\"{&quot;jet_parallax_layout_list&quot;:[]}\">\n\t\t\t\t\t<div class=\"e-con-inner\">\n\t\t<div class=\"elementor-element elementor-element-4fa0f38 e-con-full e-flex e-con e-child\" data-id=\"4fa0f38\" data-element_type=\"container\" data-settings=\"{&quot;background_background&quot;:&quot;classic&quot;,&quot;jet_parallax_layout_list&quot;:[]}\">\n\t\t<div class=\"elementor-element elementor-element-2f67919 e-con-full elementor-hidden-mobile e-flex e-con e-child\" data-id=\"2f67919\" data-element_type=\"container\" data-settings=\"{&quot;jet_parallax_layout_list&quot;:[]}\">\n\t\t\t\t<\/div>\n\t\t<div class=\"elementor-element elementor-element-fc29013 e-con-full e-flex e-con e-child\" data-id=\"fc29013\" data-element_type=\"container\" data-settings=\"{&quot;jet_parallax_layout_list&quot;:[]}\">\n\t\t\t\t<div class=\"elementor-element elementor-element-b0e808c elementor-align-right elementor-widget elementor-widget-button\" data-id=\"b0e808c\" data-element_type=\"widget\" data-widget_type=\"button.default\">\n\t\t\t\t<div class=\"elementor-widget-container\">\n\t\t\t\t\t\t\t\t\t<div class=\"elementor-button-wrapper\">\n\t\t\t\t\t<a class=\"elementor-button elementor-button-link elementor-size-sm\" href=\"https:\/\/scm.org.co\/web\/congresos\/congreso-colombiano-de-matematicas\/\">\n\t\t\t\t\t\t<span class=\"elementor-button-content-wrapper\">\n\t\t\t\t\t\t\t\t\t<span class=\"elementor-button-text\">&nbsp;&nbsp;&nbsp;&nbsp;&nbsp;&nbsp;&nbsp;&nbsp;Inicio&nbsp;&nbsp;&nbsp;&nbsp;&nbsp;&nbsp;&nbsp;&nbsp;<\/span>\n\t\t\t\t\t<\/span>\n\t\t\t\t\t<\/a>\n\t\t\t\t<\/div>\n\t\t\t\t\t\t\t\t<\/div>\n\t\t\t\t<\/div>\n\t\t\t\t<\/div>\n\t\t<div class=\"elementor-element elementor-element-03c4e09 e-con-full e-flex e-con e-child\" data-id=\"03c4e09\" data-element_type=\"container\" data-settings=\"{&quot;jet_parallax_layout_list&quot;:[]}\">\n\t\t\t\t<div class=\"elementor-element elementor-element-c9d920f elementor-align-right elementor-widget elementor-widget-button\" data-id=\"c9d920f\" data-element_type=\"widget\" data-widget_type=\"button.default\">\n\t\t\t\t<div class=\"elementor-widget-container\">\n\t\t\t\t\t\t\t\t\t<div class=\"elementor-button-wrapper\">\n\t\t\t\t\t<a class=\"elementor-button elementor-button-link elementor-size-sm\" href=\"https:\/\/scm.org.co\/web\/congresos\/congreso-colombiano-de-matematicas\/registro\">\n\t\t\t\t\t\t<span class=\"elementor-button-content-wrapper\">\n\t\t\t\t\t\t\t\t\t<span class=\"elementor-button-text\">&nbsp;&nbsp;&nbsp;&nbsp;&nbsp;&nbsp;Registro&nbsp;&nbsp;&nbsp;&nbsp;&nbsp;&nbsp;<\/span>\n\t\t\t\t\t<\/span>\n\t\t\t\t\t<\/a>\n\t\t\t\t<\/div>\n\t\t\t\t\t\t\t\t<\/div>\n\t\t\t\t<\/div>\n\t\t\t\t<\/div>\n\t\t<div class=\"elementor-element elementor-element-8d730a8 e-con-full e-flex e-con e-child\" data-id=\"8d730a8\" data-element_type=\"container\" data-settings=\"{&quot;jet_parallax_layout_list&quot;:[]}\">\n\t\t\t\t<div class=\"elementor-element elementor-element-36e954e elementor-align-right elementor-widget elementor-widget-button\" data-id=\"36e954e\" data-element_type=\"widget\" data-widget_type=\"button.default\">\n\t\t\t\t<div class=\"elementor-widget-container\">\n\t\t\t\t\t\t\t\t\t<div class=\"elementor-button-wrapper\">\n\t\t\t\t\t<a class=\"elementor-button elementor-button-link elementor-size-sm\" href=\"https:\/\/scm.org.co\/web\/congresos\/congreso-colombiano-de-matematicas\/ponencias\">\n\t\t\t\t\t\t<span class=\"elementor-button-content-wrapper\">\n\t\t\t\t\t\t\t\t\t<span class=\"elementor-button-text\">&nbsp;&nbsp;&nbsp;&nbsp;&nbsp;Ponencias&nbsp;&nbsp;&nbsp;&nbsp;&nbsp;<\/span>\n\t\t\t\t\t<\/span>\n\t\t\t\t\t<\/a>\n\t\t\t\t<\/div>\n\t\t\t\t\t\t\t\t<\/div>\n\t\t\t\t<\/div>\n\t\t\t\t<\/div>\n\t\t<div class=\"elementor-element elementor-element-e49630b e-con-full e-flex e-con e-child\" data-id=\"e49630b\" data-element_type=\"container\" data-settings=\"{&quot;jet_parallax_layout_list&quot;:[]}\">\n\t\t\t\t<div class=\"elementor-element elementor-element-0eb7f3b elementor-align-right elementor-widget elementor-widget-button\" data-id=\"0eb7f3b\" data-element_type=\"widget\" data-widget_type=\"button.default\">\n\t\t\t\t<div class=\"elementor-widget-container\">\n\t\t\t\t\t\t\t\t\t<div class=\"elementor-button-wrapper\">\n\t\t\t\t\t<a class=\"elementor-button elementor-button-link elementor-size-sm\" href=\"https:\/\/scm.org.co\/web\/congresos\/congreso-colombiano-de-matematicas\/costos\">\n\t\t\t\t\t\t<span class=\"elementor-button-content-wrapper\">\n\t\t\t\t\t\t\t\t\t<span class=\"elementor-button-text\">&nbsp;&nbsp;&nbsp;&nbsp;&nbsp;&nbsp;&nbsp;Costos&nbsp;&nbsp;&nbsp;&nbsp;&nbsp;&nbsp;<\/span>\n\t\t\t\t\t<\/span>\n\t\t\t\t\t<\/a>\n\t\t\t\t<\/div>\n\t\t\t\t\t\t\t\t<\/div>\n\t\t\t\t<\/div>\n\t\t\t\t<\/div>\n\t\t<div class=\"elementor-element elementor-element-bc8080a e-con-full e-flex e-con e-child\" data-id=\"bc8080a\" data-element_type=\"container\" data-settings=\"{&quot;jet_parallax_layout_list&quot;:[]}\">\n\t\t\t\t<div class=\"elementor-element elementor-element-8a0cfa7 jet-dropbar-position-bottom-left elementor-widget elementor-widget-jet-dropbar\" data-id=\"8a0cfa7\" data-element_type=\"widget\" data-widget_type=\"jet-dropbar.default\">\n\t\t\t\t<div class=\"elementor-widget-container\">\n\t\t\t\t\t<div class=\"elementor-jet-dropbar jet-elements\">\n<div class=\"jet-dropbar jet-dropbar--none-effect\" data-settings=\"{&quot;mode&quot;:&quot;hover&quot;,&quot;hide_delay&quot;:500,&quot;ajax_template&quot;:&quot;false&quot;,&quot;template_id&quot;:false,&quot;signature&quot;:&quot;a4d264f3e518a2801dbb64d53de466f3&quot;}\">\n\t<div class=\"jet-dropbar__inner\">\n<button class=\"jet-dropbar__button\"><span class=\"jet-dropbar__button-text\">&nbsp;&nbsp;Informaci\u00f3n&nbsp;&nbsp;<\/span><\/button>\n<div class=\"jet-dropbar__content-wrapper\">\n\t<div class=\"jet-dropbar__content\"><p><strong><a href=\"https:\/\/scm.org.co\/web\/congresos\/congreso-colombiano-de-matematicas\/turismo\/\">Turismo<\/a><\/strong><\/p><p><strong><a href=\"https:\/\/scm.org.co\/web\/congresos\/congreso-colombiano-de-matematicas\/hoteles\">Hoteles<\/a><\/strong><\/p><\/div>\n<\/div><\/div>\n<\/div>\n<\/div>\t\t\t\t<\/div>\n\t\t\t\t<\/div>\n\t\t\t\t<\/div>\n\t\t<div class=\"elementor-element elementor-element-095bf67 e-con-full e-flex e-con e-child\" data-id=\"095bf67\" data-element_type=\"container\" data-settings=\"{&quot;jet_parallax_layout_list&quot;:[]}\">\n\t\t\t\t<div class=\"elementor-element elementor-element-39b1dd7 elementor-widget elementor-widget-button\" data-id=\"39b1dd7\" data-element_type=\"widget\" data-widget_type=\"button.default\">\n\t\t\t\t<div class=\"elementor-widget-container\">\n\t\t\t\t\t\t\t\t\t<div class=\"elementor-button-wrapper\">\n\t\t\t\t\t<a class=\"elementor-button elementor-button-link elementor-size-sm\" href=\"https:\/\/scm.org.co\/web\/eventos\/\" target=\"_blank\">\n\t\t\t\t\t\t<span class=\"elementor-button-content-wrapper\">\n\t\t\t\t\t\t\t\t\t<span class=\"elementor-button-text\">Programaci\u00f3n<\/span>\n\t\t\t\t\t<\/span>\n\t\t\t\t\t<\/a>\n\t\t\t\t<\/div>\n\t\t\t\t\t\t\t\t<\/div>\n\t\t\t\t<\/div>\n\t\t\t\t<\/div>\n\t\t<div class=\"elementor-element elementor-element-f723538 e-con-full elementor-hidden-mobile e-flex e-con e-child\" data-id=\"f723538\" data-element_type=\"container\" data-settings=\"{&quot;jet_parallax_layout_list&quot;:[]}\">\n\t\t\t\t<\/div>\n\t\t\t\t<\/div>\n\t\t\t\t\t<\/div>\n\t\t\t\t<\/div>\n\t\t<div class=\"elementor-element elementor-element-8a6c2f1 e-flex e-con-boxed e-con e-parent\" data-id=\"8a6c2f1\" data-element_type=\"container\" data-settings=\"{&quot;jet_parallax_layout_list&quot;:[]}\">\n\t\t\t\t\t<div class=\"e-con-inner\">\n\t\t\t\t<div class=\"elementor-element elementor-element-d2a44e2 elementor-widget elementor-widget-text-editor\" data-id=\"d2a44e2\" data-element_type=\"widget\" data-widget_type=\"text-editor.default\">\n\t\t\t\t<div class=\"elementor-widget-container\">\n\t\t\t\t\t\t\t\t\t<h2><strong>Gu\u00eda &#8211; C\u00f3mo hacer un buen poster en Matem\u00e1ticas<\/strong><\/h2><div class=\"_df_book df-lite\" id=\"df_3467\"  _slug=\"3467\" data-title=\"guia-como-hacer-un-buen-poster-en-matematicas\" wpoptions=\"true\" thumbtype=\"\" ><\/div><script class=\"df-shortcode-script\" nowprocket type=\"application\/javascript\">window.option_df_3467 = {\"outline\":[],\"autoEnableOutline\":\"false\",\"autoEnableThumbnail\":\"false\",\"overwritePDFOutline\":\"false\",\"direction\":\"1\",\"pageSize\":\"0\",\"source\":\"https:\\\/\\\/scm.org.co\\\/web\\\/wp-content\\\/uploads\\\/2025\\\/05\\\/CCM-POSTERS.pdf\",\"wpOptions\":\"true\"}; if(window.DFLIP && window.DFLIP.parseBooks){window.DFLIP.parseBooks();}<\/script>\t\t\t\t\t\t\t\t<\/div>\n\t\t\t\t<\/div>\n\t\t\t\t\t<\/div>\n\t\t\t\t<\/div>\n\t\t\t\t<\/div>\n\t\t","protected":false},"excerpt":{"rendered":"<p>SCM XXIV Congreso Colombiano de Matem\u00e1ticas &#8211; Turismo &nbsp;&nbsp;&nbsp;&nbsp;&nbsp;&nbsp;&nbsp;&nbsp;Inicio&nbsp;&nbsp;&nbsp;&nbsp;&nbsp;&nbsp;&nbsp;&nbsp; &nbsp;&nbsp;&nbsp;&nbsp;&nbsp;&nbsp;Registro&nbsp;&nbsp;&nbsp;&nbsp;&nbsp;&nbsp; &nbsp;&nbsp;&nbsp;&nbsp;&nbsp;Ponencias&nbsp;&nbsp;&nbsp;&nbsp;&nbsp; &nbsp;&nbsp;&nbsp;&nbsp;&nbsp;&nbsp;&nbsp;Costos&nbsp;&nbsp;&nbsp;&nbsp;&nbsp;&nbsp; &nbsp;&nbsp;Informaci\u00f3n&nbsp;&nbsp; Turismo Hoteles Programaci\u00f3n Gu\u00eda &#8211; C\u00f3mo hacer un buen poster en Matem\u00e1ticas<\/p>\n","protected":false},"author":3,"featured_media":0,"parent":238,"menu_order":0,"comment_status":"closed","ping_status":"closed","template":"","meta":{"footnotes":""},"class_list":["post-3471","page","type-page","status-publish","hentry"],"_links":{"self":[{"href":"https:\/\/scm.org.co\/web\/wp-json\/wp\/v2\/pages\/3471","targetHints":{"allow":["GET"]}}],"collection":[{"href":"https:\/\/scm.org.co\/web\/wp-json\/wp\/v2\/pages"}],"about":[{"href":"https:\/\/scm.org.co\/web\/wp-json\/wp\/v2\/types\/page"}],"author":[{"embeddable":true,"href":"https:\/\/scm.org.co\/web\/wp-json\/wp\/v2\/users\/3"}],"replies":[{"embeddable":true,"href":"https:\/\/scm.org.co\/web\/wp-json\/wp\/v2\/comments?post=3471"}],"version-history":[{"count":8,"href":"https:\/\/scm.org.co\/web\/wp-json\/wp\/v2\/pages\/3471\/revisions"}],"predecessor-version":[{"id":3489,"href":"https:\/\/scm.org.co\/web\/wp-json\/wp\/v2\/pages\/3471\/revisions\/3489"}],"up":[{"embeddable":true,"href":"https:\/\/scm.org.co\/web\/wp-json\/wp\/v2\/pages\/238"}],"wp:attachment":[{"href":"https:\/\/scm.org.co\/web\/wp-json\/wp\/v2\/media?parent=3471"}],"curies":[{"name":"wp","href":"https:\/\/api.w.org\/{rel}","templated":true}]}}