{"id":1962,"date":"2025-01-27T15:10:09","date_gmt":"2025-01-27T20:10:09","guid":{"rendered":"https:\/\/scm.org.co\/web\/?page_id=1962"},"modified":"2026-03-13T12:56:42","modified_gmt":"2026-03-13T17:56:42","slug":"pagos","status":"publish","type":"page","link":"https:\/\/scm.org.co\/web\/sobre-la-scm\/socios\/pagos\/","title":{"rendered":"Pagos"},"content":{"rendered":"\t\t<div data-elementor-type=\"wp-page\" data-elementor-id=\"1962\" class=\"elementor elementor-1962\" data-elementor-post-type=\"page\">\n\t\t\t\t<div class=\"elementor-element elementor-element-bccc9ed e-flex e-con-boxed e-con e-parent\" data-id=\"bccc9ed\" data-element_type=\"container\" data-settings=\"{&quot;jet_parallax_layout_list&quot;:[]}\">\n\t\t\t\t\t<div class=\"e-con-inner\">\n\t\t<div class=\"elementor-element elementor-element-337b32a e-con-full e-flex e-con e-child\" data-id=\"337b32a\" data-element_type=\"container\" data-settings=\"{&quot;background_background&quot;:&quot;classic&quot;,&quot;jet_parallax_layout_list&quot;:[]}\">\n\t\t\t\t<\/div>\n\t\t<div class=\"elementor-element elementor-element-1b23236 e-con-full e-flex e-con e-child\" data-id=\"1b23236\" data-element_type=\"container\" data-settings=\"{&quot;background_background&quot;:&quot;slideshow&quot;,&quot;background_slideshow_gallery&quot;:[{&quot;id&quot;:1032,&quot;url&quot;:&quot;https:\\\/\\\/scm.org.co\\\/web\\\/wp-content\\\/uploads\\\/2024\\\/11\\\/Banner-Socios.png&quot;}],&quot;jet_parallax_layout_list&quot;:[],&quot;background_slideshow_loop&quot;:&quot;yes&quot;,&quot;background_slideshow_slide_duration&quot;:5000,&quot;background_slideshow_slide_transition&quot;:&quot;fade&quot;,&quot;background_slideshow_transition_duration&quot;:500}\">\n\t\t\t\t<div class=\"elementor-element elementor-element-db1c7ab elementor-widget elementor-widget-heading\" data-id=\"db1c7ab\" data-element_type=\"widget\" data-widget_type=\"heading.default\">\n\t\t\t\t<div class=\"elementor-widget-container\">\n\t\t\t\t\t<h2 class=\"elementor-heading-title elementor-size-default\">SCM<\/h2>\t\t\t\t<\/div>\n\t\t\t\t<\/div>\n\t\t\t\t<div class=\"elementor-element elementor-element-ad93d4d elementor-widget elementor-widget-heading\" data-id=\"ad93d4d\" data-element_type=\"widget\" data-widget_type=\"heading.default\">\n\t\t\t\t<div class=\"elementor-widget-container\">\n\t\t\t\t\t<h1 class=\"elementor-heading-title elementor-size-default\">Socios - Pagos<\/h1>\t\t\t\t<\/div>\n\t\t\t\t<\/div>\n\t\t\t\t<\/div>\n\t\t\t\t\t<\/div>\n\t\t\t\t<\/div>\n\t\t<div class=\"elementor-element elementor-element-1128bd4 e-flex e-con-boxed e-con e-parent\" data-id=\"1128bd4\" data-element_type=\"container\" data-settings=\"{&quot;jet_parallax_layout_list&quot;:[]}\">\n\t\t\t\t\t<div class=\"e-con-inner\">\n\t\t<div class=\"elementor-element elementor-element-88cad07 e-con-full e-flex e-con e-child\" data-id=\"88cad07\" data-element_type=\"container\" data-settings=\"{&quot;jet_parallax_layout_list&quot;:[]}\">\n\t\t\t\t<div class=\"elementor-element elementor-element-ecabca6 elementor-widget elementor-widget-heading\" data-id=\"ecabca6\" data-element_type=\"widget\" data-widget_type=\"heading.default\">\n\t\t\t\t<div class=\"elementor-widget-container\">\n\t\t\t\t\t<h2 class=\"elementor-heading-title elementor-size-default\">Pago v\u00eda PayU<\/h2>\t\t\t\t<\/div>\n\t\t\t\t<\/div>\n\t\t\t\t<div class=\"elementor-element elementor-element-edd296e elementor-widget elementor-widget-text-editor\" data-id=\"edd296e\" data-element_type=\"widget\" data-widget_type=\"text-editor.default\">\n\t\t\t\t<div class=\"elementor-widget-container\">\n\t\t\t\t\t\t\t\t\t<p>La plataforma PayU le permite realizar el pago en l\u00ednea desde sus cuentas debito o cr\u00e9dito y PSE.<\/p>\t\t\t\t\t\t\t\t<\/div>\n\t\t\t\t<\/div>\n\t\t\t\t<div class=\"elementor-element elementor-element-58b1c76 elementor-widget elementor-widget-text-editor\" data-id=\"58b1c76\" data-element_type=\"widget\" data-widget_type=\"text-editor.default\">\n\t\t\t\t<div class=\"elementor-widget-container\">\n\t\t\t\t\t\t\t\t\t<h2 class=\"titulo-principal\"><b>PAGO SOCIOS EFECTIVOS<\/b><\/h2><h5 class=\"subtitulo-lecturas\">Lecturas matem\u00e1ticas impresas<\/h5><h2>$ 400.000<\/h2>\t\t\t\t\t\t\t\t<\/div>\n\t\t\t\t<\/div>\n\t\t\t\t<div class=\"elementor-element elementor-element-5ef9af5 elementor-widget elementor-widget-text-editor\" data-id=\"5ef9af5\" data-element_type=\"widget\" data-widget_type=\"text-editor.default\">\n\t\t\t\t<div class=\"elementor-widget-container\">\n\t\t\t\t\t\t\t\t\t<form method=\"post\" action=\"https:\/\/gateway.payulatam.com\/ppp-web-gateway\/pb.zul\" accept-charset=\"UTF-8\">\n\u2003 <input type=\"image\" border=\"0\" alt=\"\" src=\"https:\/\/ecommerce.payulatam.com\/img-secure-2015\/boton_pagar_pequeno.png\" onClick=\"this.form.urlOrigen.value = window.location.href;\"\/>\n\u2003 <input name=\"buttonId\" type=\"hidden\" value=\"AxlQj5HAH55RGNqoL8hYQAmMz4+7iOsLPRVE1STiDxMud57L5zUK7g==\"\/>\n\u2003 <input name=\"merchantId\" type=\"hidden\" value=\"383\"\/>\n\u2003 <input name=\"accountId\" type=\"hidden\" value=\"13655\"\/>\n\u2003 <input name=\"description\" type=\"hidden\" value=\"Socios Efectivos impresos\"\/>\n\u2003 <input name=\"referenceCode\" type=\"hidden\" value=\"289\"\/>\n\u2003 <input name=\"amount\" type=\"hidden\" value=\"400000.00\"\/>\n\u2003 <input name=\"tax\" type=\"hidden\" value=\"0.00\"\/>\n\u2003 <input name=\"taxReturnBase\" type=\"hidden\" value=\"0.00\"\/>\n\u2003 <input name=\"shipmentValue\" value=\"0.00\" type=\"hidden\"\/>\n\u2003 <input name=\"currency\" type=\"hidden\" value=\"COP\"\/>\n\u2003 <input name=\"lng\" type=\"hidden\" value=\"es\"\/>\n\u2003 <input name=\"sourceUrl\" id=\"urlOrigen\" value=\"\" type=\"hidden\"\/>\n\u2003 <input name=\"buttonType\" value=\"SIMPLE\" type=\"hidden\"\/>\n\u2003 <input name=\"signature\" value=\"91b97bc34a57789b0aca10b6672f630ab2921dc8af1f7f8963ebc83f34b8f031\" type=\"hidden\"\/>\n<\/form>\t\t\t\t\t\t\t\t<\/div>\n\t\t\t\t<\/div>\n\t\t\t\t<div class=\"elementor-element elementor-element-858cda8 elementor-widget elementor-widget-text-editor\" data-id=\"858cda8\" data-element_type=\"widget\" data-widget_type=\"text-editor.default\">\n\t\t\t\t<div class=\"elementor-widget-container\">\n\t\t\t\t\t\t\t\t\t<h2 class=\"titulo-principal\"><b>PAGO SOCIOS EFECTIVOS<\/b><\/h2>\n<h5 class=\"subtitulo-lecturas\">Lecturas matem\u00e1ticas virtuales<\/h5>\n<h2>$ 300.000<\/h2>\t\t\t\t\t\t\t\t<\/div>\n\t\t\t\t<\/div>\n\t\t\t\t<div class=\"elementor-element elementor-element-408d7ae elementor-widget elementor-widget-text-editor\" data-id=\"408d7ae\" data-element_type=\"widget\" data-widget_type=\"text-editor.default\">\n\t\t\t\t<div class=\"elementor-widget-container\">\n\t\t\t\t\t\t\t\t\t<form method=\"post\" action=\"https:\/\/gateway.payulatam.com\/ppp-web-gateway\/pb.zul\" accept-charset=\"UTF-8\">\n\u2003 <input type=\"image\" border=\"0\" alt=\"\" src=\"https:\/\/ecommerce.payulatam.com\/img-secure-2015\/boton_pagar_pequeno.png\" onClick=\"this.form.urlOrigen.value = window.location.href;\"\/>\n\u2003 <input name=\"buttonId\" type=\"hidden\" value=\"cArQ6yltWcCT12jVzZ7xvNt3n56V\/aWxLEHaAXauggDIbQfahZwfdQ==\"\/>\n\u2003 <input name=\"merchantId\" type=\"hidden\" value=\"383\"\/>\n\u2003 <input name=\"accountId\" type=\"hidden\" value=\"13655\"\/>\n\u2003 <input name=\"description\" type=\"hidden\" value=\"Socios Efectivos virtuales\"\/>\n\u2003 <input name=\"referenceCode\" type=\"hidden\" value=\"291\"\/>\n\u2003 <input name=\"amount\" type=\"hidden\" value=\"300000.00\"\/>\n\u2003 <input name=\"tax\" type=\"hidden\" value=\"0.00\"\/>\n\u2003 <input name=\"taxReturnBase\" type=\"hidden\" value=\"0.00\"\/>\n\u2003 <input name=\"shipmentValue\" value=\"0.00\" type=\"hidden\"\/>\n\u2003 <input name=\"currency\" type=\"hidden\" value=\"COP\"\/>\n\u2003 <input name=\"lng\" type=\"hidden\" value=\"es\"\/>\n\u2003 <input name=\"sourceUrl\" id=\"urlOrigen\" value=\"\" type=\"hidden\"\/>\n\u2003 <input name=\"buttonType\" value=\"SIMPLE\" type=\"hidden\"\/>\n\u2003 <input name=\"signature\" value=\"ee1894a224fb3860e49a8f51a728c384dac7a03d7444b82d034561511500a0e3\" type=\"hidden\"\/>\n<\/form>\t\t\t\t\t\t\t\t<\/div>\n\t\t\t\t<\/div>\n\t\t\t\t<div class=\"elementor-element elementor-element-6248231 elementor-widget elementor-widget-text-editor\" data-id=\"6248231\" data-element_type=\"widget\" data-widget_type=\"text-editor.default\">\n\t\t\t\t<div class=\"elementor-widget-container\">\n\t\t\t\t\t\t\t\t\t<h2 class=\"titulo-principal\"><b>PAGO SOCIOS ADJUNTOS<\/b><\/h2><h5 class=\"subtitulo-lecturas\">Lecturas matem\u00e1ticas impresas<\/h5><h2>$ 200.000<\/h2>\t\t\t\t\t\t\t\t<\/div>\n\t\t\t\t<\/div>\n\t\t\t\t<div class=\"elementor-element elementor-element-003020f elementor-widget elementor-widget-text-editor\" data-id=\"003020f\" data-element_type=\"widget\" data-widget_type=\"text-editor.default\">\n\t\t\t\t<div class=\"elementor-widget-container\">\n\t\t\t\t\t\t\t\t\t<form method=\"post\" action=\"https:\/\/gateway.payulatam.com\/ppp-web-gateway\/pb.zul\" accept-charset=\"UTF-8\">\n\u2003 <input type=\"image\" border=\"0\" alt=\"\" src=\"https:\/\/ecommerce.payulatam.com\/img-secure-2015\/boton_pagar_pequeno.png\" onClick=\"this.form.urlOrigen.value = window.location.href;\"\/>\n\u2003 <input name=\"buttonId\" type=\"hidden\" value=\"Ej4I3objnUu6k560RrKgx4gYOogYtwADpdylJDna\/FNON\/zNot5KhQ==\"\/>\n\u2003 <input name=\"merchantId\" type=\"hidden\" value=\"383\"\/>\n\u2003 <input name=\"accountId\" type=\"hidden\" value=\"13655\"\/>\n\u2003 <input name=\"description\" type=\"hidden\" value=\"socios adjuntos impresos\"\/>\n\u2003 <input name=\"referenceCode\" type=\"hidden\" value=\"400\"\/>\n\u2003 <input name=\"amount\" type=\"hidden\" value=\"200000.00\"\/>\n\u2003 <input name=\"tax\" type=\"hidden\" value=\"0.00\"\/>\n\u2003 <input name=\"taxReturnBase\" type=\"hidden\" value=\"0.00\"\/>\n\u2003 <input name=\"shipmentValue\" value=\"0.00\" type=\"hidden\"\/>\n\u2003 <input name=\"currency\" type=\"hidden\" value=\"COP\"\/>\n\u2003 <input name=\"lng\" type=\"hidden\" value=\"es\"\/>\n\u2003 <input name=\"sourceUrl\" id=\"urlOrigen\" value=\"\" type=\"hidden\"\/>\n\u2003 <input name=\"buttonType\" value=\"SIMPLE\" type=\"hidden\"\/>\n\u2003 <input name=\"signature\" value=\"0590f790d59b7e4243c82a59c75955ccf3535efec9497c9d6f39c9825126db71\" type=\"hidden\"\/>\n<\/form>\t\t\t\t\t\t\t\t<\/div>\n\t\t\t\t<\/div>\n\t\t\t\t<div class=\"elementor-element elementor-element-79192e5 elementor-widget elementor-widget-text-editor\" data-id=\"79192e5\" data-element_type=\"widget\" data-widget_type=\"text-editor.default\">\n\t\t\t\t<div class=\"elementor-widget-container\">\n\t\t\t\t\t\t\t\t\t<h2 class=\"titulo-principal\"><b>PAGO SOCIOS ADJUNTOS<\/b><\/h2><h5 class=\"subtitulo-lecturas\">Lecturas matem\u00e1ticas virtuales<\/h5><h2>$ 150.000<\/h2>\t\t\t\t\t\t\t\t<\/div>\n\t\t\t\t<\/div>\n\t\t\t\t<div class=\"elementor-element elementor-element-a37984b elementor-widget elementor-widget-text-editor\" data-id=\"a37984b\" data-element_type=\"widget\" data-widget_type=\"text-editor.default\">\n\t\t\t\t<div class=\"elementor-widget-container\">\n\t\t\t\t\t\t\t\t\t<form method=\"post\" action=\"https:\/\/gateway.payulatam.com\/ppp-web-gateway\/pb.zul\" accept-charset=\"UTF-8\">\n\u2003 <input type=\"image\" border=\"0\" alt=\"\" src=\"https:\/\/ecommerce.payulatam.com\/img-secure-2015\/boton_pagar_pequeno.png\" onClick=\"this.form.urlOrigen.value = window.location.href;\"\/>\n\u2003 <input name=\"buttonId\" type=\"hidden\" value=\"ZMIXt8J2wRBVgEFT7XB19Cr9MwHt4RkeS4jyasBdW9BbCBCQd5QCrw==\"\/>\n\u2003 <input name=\"merchantId\" type=\"hidden\" value=\"383\"\/>\n\u2003 <input name=\"accountId\" type=\"hidden\" value=\"13655\"\/>\n\u2003 <input name=\"description\" type=\"hidden\" value=\"socios adjuntos virtual\"\/>\n\u2003 <input name=\"referenceCode\" type=\"hidden\" value=\"401\"\/>\n\u2003 <input name=\"amount\" type=\"hidden\" value=\"150000.00\"\/>\n\u2003 <input name=\"tax\" type=\"hidden\" value=\"0.00\"\/>\n\u2003 <input name=\"taxReturnBase\" type=\"hidden\" value=\"0.00\"\/>\n\u2003 <input name=\"shipmentValue\" value=\"0.00\" type=\"hidden\"\/>\n\u2003 <input name=\"currency\" type=\"hidden\" value=\"COP\"\/>\n\u2003 <input name=\"lng\" type=\"hidden\" value=\"es\"\/>\n\u2003 <input name=\"sourceUrl\" id=\"urlOrigen\" value=\"\" type=\"hidden\"\/>\n\u2003 <input name=\"buttonType\" value=\"SIMPLE\" type=\"hidden\"\/>\n\u2003 <input name=\"signature\" value=\"bee683757f9a1bc220fd888755b7fa23ea94dfb1f2ef37043b8768d9d9938671\" type=\"hidden\"\/>\n<\/form>\t\t\t\t\t\t\t\t<\/div>\n\t\t\t\t<\/div>\n\t\t\t\t<\/div>\n\t\t<div class=\"elementor-element elementor-element-a0c3585 e-con-full e-flex e-con e-child\" data-id=\"a0c3585\" data-element_type=\"container\" data-settings=\"{&quot;jet_parallax_layout_list&quot;:[]}\">\n\t\t\t\t<div class=\"elementor-element elementor-element-b9e062f elementor-widget elementor-widget-heading\" data-id=\"b9e062f\" data-element_type=\"widget\" data-widget_type=\"heading.default\">\n\t\t\t\t<div class=\"elementor-widget-container\">\n\t\t\t\t\t<h2 class=\"elementor-heading-title elementor-size-default\">Pago v\u00eda Banco Davivienda<\/h2>\t\t\t\t<\/div>\n\t\t\t\t<\/div>\n\t\t\t\t<div class=\"elementor-element elementor-element-b97e33e elementor-widget elementor-widget-text-editor\" data-id=\"b97e33e\" data-element_type=\"widget\" data-widget_type=\"text-editor.default\">\n\t\t\t\t<div class=\"elementor-widget-container\">\n\t\t\t\t\t\t\t\t\t<p style=\"text-align: justify;\">Si usted va a realizar su pago en efectivo o cheque, identifique el valor a cancelar seg\u00fan la fecha de consignaci\u00f3n y el perfil de inscripci\u00f3n y consigne a la SCM seg\u00fan los siguientes datos:<\/p><ul><li style=\"text-align: justify;\">Banco Davivienda<\/li><li style=\"text-align: justify;\">Sociedad Colombiana de Matem\u00e1ticas<\/li><li style=\"text-align: justify;\">Nit. 860047795-1<\/li><li style=\"text-align: justify;\">Cuenta de ahorros<\/li><li style=\"text-align: justify;\">No. 055 000 8600 371 564<\/li><\/ul><p style=\"text-align: justify;\">Para formalizar el pago es necesario que env\u00ede su soporte de consignaci\u00f3n al\u00a0 correo electr\u00f3nico <strong>scm@scm.org.co, <\/strong>junto con sus datos personales. Por favor confirmar el recibido del documento con el personal de la SCM.<\/p>\t\t\t\t\t\t\t\t<\/div>\n\t\t\t\t<\/div>\n\t\t\t\t<\/div>\n\t\t\t\t\t<\/div>\n\t\t\t\t<\/div>\n\t\t\t\t<\/div>\n\t\t","protected":false},"excerpt":{"rendered":"<p>SCM Socios &#8211; Pagos Pago v\u00eda PayU La plataforma PayU le permite realizar el pago en l\u00ednea desde sus cuentas debito o cr\u00e9dito y PSE. PAGO SOCIOS EFECTIVOS Lecturas matem\u00e1ticas impresas $ 400.000 \u2003 \u2003 \u2003 \u2003 \u2003 \u2003 \u2003 \u2003 \u2003 \u2003 \u2003 \u2003 \u2003 \u2003 \u2003 PAGO SOCIOS EFECTIVOS Lecturas matem\u00e1ticas virtuales $ [&hellip;]<\/p>\n","protected":false},"author":1,"featured_media":0,"parent":424,"menu_order":0,"comment_status":"closed","ping_status":"closed","template":"","meta":{"footnotes":""},"class_list":["post-1962","page","type-page","status-publish","hentry"],"_links":{"self":[{"href":"https:\/\/scm.org.co\/web\/wp-json\/wp\/v2\/pages\/1962","targetHints":{"allow":["GET"]}}],"collection":[{"href":"https:\/\/scm.org.co\/web\/wp-json\/wp\/v2\/pages"}],"about":[{"href":"https:\/\/scm.org.co\/web\/wp-json\/wp\/v2\/types\/page"}],"author":[{"embeddable":true,"href":"https:\/\/scm.org.co\/web\/wp-json\/wp\/v2\/users\/1"}],"replies":[{"embeddable":true,"href":"https:\/\/scm.org.co\/web\/wp-json\/wp\/v2\/comments?post=1962"}],"version-history":[{"count":43,"href":"https:\/\/scm.org.co\/web\/wp-json\/wp\/v2\/pages\/1962\/revisions"}],"predecessor-version":[{"id":6129,"href":"https:\/\/scm.org.co\/web\/wp-json\/wp\/v2\/pages\/1962\/revisions\/6129"}],"up":[{"embeddable":true,"href":"https:\/\/scm.org.co\/web\/wp-json\/wp\/v2\/pages\/424"}],"wp:attachment":[{"href":"https:\/\/scm.org.co\/web\/wp-json\/wp\/v2\/media?parent=1962"}],"curies":[{"name":"wp","href":"https:\/\/api.w.org\/{rel}","templated":true}]}}