{"id":1896,"date":"2024-12-17T14:06:52","date_gmt":"2024-12-17T19:06:52","guid":{"rendered":"https:\/\/scm.org.co\/web\/?page_id=1896"},"modified":"2025-03-12T00:26:20","modified_gmt":"2025-03-12T05:26:20","slug":"politica-de-privacidad-y-tratamiento-de-la-informacion","status":"publish","type":"page","link":"https:\/\/scm.org.co\/web\/politica-de-privacidad-y-tratamiento-de-la-informacion\/","title":{"rendered":"Pol\u00edtica de Privacidad y Tratamiento de la Informaci\u00f3n"},"content":{"rendered":"\t\t<div data-elementor-type=\"wp-page\" data-elementor-id=\"1896\" class=\"elementor elementor-1896\" data-elementor-post-type=\"page\">\n\t\t\t\t<div class=\"elementor-element elementor-element-5ddcebc e-flex e-con-boxed e-con e-parent\" data-id=\"5ddcebc\" data-element_type=\"container\" data-settings=\"{&quot;jet_parallax_layout_list&quot;:[]}\">\n\t\t\t\t\t<div class=\"e-con-inner\">\n\t\t<div class=\"elementor-element elementor-element-84f0508 e-con-full e-flex e-con e-child\" data-id=\"84f0508\" data-element_type=\"container\" data-settings=\"{&quot;background_background&quot;:&quot;classic&quot;,&quot;jet_parallax_layout_list&quot;:[]}\">\n\t\t\t\t<\/div>\n\t\t<div class=\"elementor-element elementor-element-55b9c57 e-con-full e-flex e-con e-child\" data-id=\"55b9c57\" data-element_type=\"container\" data-settings=\"{&quot;background_background&quot;:&quot;gradient&quot;,&quot;jet_parallax_layout_list&quot;:[]}\">\n\t\t\t\t<div class=\"elementor-element elementor-element-f5e7499 elementor-widget elementor-widget-heading\" data-id=\"f5e7499\" data-element_type=\"widget\" data-widget_type=\"heading.default\">\n\t\t\t\t<div class=\"elementor-widget-container\">\n\t\t\t\t\t<h2 class=\"elementor-heading-title elementor-size-default\">SCM<\/h2>\t\t\t\t<\/div>\n\t\t\t\t<\/div>\n\t\t\t\t<div class=\"elementor-element elementor-element-9948b87 elementor-widget elementor-widget-heading\" data-id=\"9948b87\" data-element_type=\"widget\" data-widget_type=\"heading.default\">\n\t\t\t\t<div class=\"elementor-widget-container\">\n\t\t\t\t\t<h1 class=\"elementor-heading-title elementor-size-default\">Pol\u00edtica de Privacidad<br> y Tratamiento<br> de la Informaci\u00f3n<\/h1>\t\t\t\t<\/div>\n\t\t\t\t<\/div>\n\t\t\t\t<\/div>\n\t\t\t\t\t<\/div>\n\t\t\t\t<\/div>\n\t\t<div class=\"elementor-element elementor-element-60ccfcb e-flex e-con-boxed e-con e-parent\" data-id=\"60ccfcb\" data-element_type=\"container\" data-settings=\"{&quot;jet_parallax_layout_list&quot;:[]}\">\n\t\t\t\t\t<div class=\"e-con-inner\">\n\t\t<div class=\"elementor-element elementor-element-04968d8 e-con-full e-flex e-con e-child\" data-id=\"04968d8\" data-element_type=\"container\" data-settings=\"{&quot;jet_parallax_layout_list&quot;:[]}\">\n\t\t<div class=\"elementor-element elementor-element-47ad1e4 e-con-full e-flex e-con e-child\" data-id=\"47ad1e4\" data-element_type=\"container\" data-settings=\"{&quot;background_background&quot;:&quot;gradient&quot;,&quot;jet_parallax_layout_list&quot;:[]}\">\n\t\t\t\t<div class=\"elementor-element elementor-element-2d8ab4d elementor-widget elementor-widget-text-editor\" data-id=\"2d8ab4d\" data-element_type=\"widget\" data-widget_type=\"text-editor.default\">\n\t\t\t\t<div class=\"elementor-widget-container\">\n\t\t\t\t\t\t\t\t\t<p style=\"text-align: center;\">&#8220;Un problema bien planteado es un problema medio resuelto.&#8221;<\/p><p style=\"text-align: right;\"><strong>John DEWEY<\/strong><\/p>\t\t\t\t\t\t\t\t<\/div>\n\t\t\t\t<\/div>\n\t\t\t\t<\/div>\n\t\t\t\t<\/div>\n\t\t<div class=\"elementor-element elementor-element-4618b25 e-con-full e-flex e-con e-child\" data-id=\"4618b25\" data-element_type=\"container\" data-settings=\"{&quot;jet_parallax_layout_list&quot;:[]}\">\n\t\t\t\t<div class=\"elementor-element elementor-element-f168d93 elementor-widget elementor-widget-text-editor\" data-id=\"f168d93\" data-element_type=\"widget\" data-widget_type=\"text-editor.default\">\n\t\t\t\t<div class=\"elementor-widget-container\">\n\t\t\t\t\t\t\t\t\t<p style=\"text-align: JUSTIFY;\">La pol\u00edtica de privacidad establece la base sobre la cual se procesar\u00e1n los datos personales que obtenemos de usted o que usted nos proporciona. Sus datos personales proporcionados en este formulario de contacto ser\u00e1n tratados, conforme a lo previsto en la Ley Estatutaria 1581 de Protecci\u00f3n de Datos, sus decretos reglamentarios y aquellas que la modifiquen o complementen, y ser\u00e1n incluidos en el fichero SOCIOS inscrito en el Registro Nacional de Bases de Datos cuyo responsable es <strong>SOCIEDAD COLOMBIANA DE MATEMATICAS<\/strong>. La finalidad de la recolecci\u00f3n y almacenamiento de los mismos ser\u00e1 la gesti\u00f3n comercial y administrativa de la <strong>SOCIEDAD COLOMBIANA DE MATEMATICAS<\/strong> adem\u00e1s se usar\u00e1 con el fin de remitirle informaci\u00f3n respecto de los productos y servicios ofrecidos por<strong> SOCIEDAD COLOMBIANA DE MATEMATICAS<\/strong> incluso por medios electr\u00f3nicos. El periodo de conservaci\u00f3n de sus datos personales, ser\u00e1 el necesario para alcanzar la finalidad para la cual se han recolectado. En cumplimiento del principio de confidencialidad, la <strong>SOCIEDAD COLOMBIANA DE MATEMATICAS<\/strong> garantiza la reserva de la informaci\u00f3n suministrada. Usted podr\u00e1 revocar su autorizaci\u00f3n en cualquier momento, consultar su informaci\u00f3n personal y ejercer sus derechos a conocer, actualizar, rectificar, y suprimir sus datos dirigiendo un escrito a CL 44 45 67 UN CAMILO TORRES o enviando un email scm@scm.org.co<\/p>\t\t\t\t\t\t\t\t<\/div>\n\t\t\t\t<\/div>\n\t\t\t\t<\/div>\n\t\t\t\t\t<\/div>\n\t\t\t\t<\/div>\n\t\t\t\t<\/div>\n\t\t","protected":false},"excerpt":{"rendered":"<p>SCM Pol\u00edtica de Privacidad y Tratamiento de la Informaci\u00f3n &#8220;Un problema bien planteado es un problema medio resuelto.&#8221; John DEWEY La pol\u00edtica de privacidad establece la base sobre la cual se procesar\u00e1n los datos personales que obtenemos de usted o que usted nos proporciona. Sus datos personales proporcionados en este formulario de contacto ser\u00e1n tratados, [&hellip;]<\/p>\n","protected":false},"author":1,"featured_media":0,"parent":0,"menu_order":0,"comment_status":"closed","ping_status":"closed","template":"","meta":{"footnotes":""},"class_list":["post-1896","page","type-page","status-publish","hentry"],"_links":{"self":[{"href":"https:\/\/scm.org.co\/web\/wp-json\/wp\/v2\/pages\/1896","targetHints":{"allow":["GET"]}}],"collection":[{"href":"https:\/\/scm.org.co\/web\/wp-json\/wp\/v2\/pages"}],"about":[{"href":"https:\/\/scm.org.co\/web\/wp-json\/wp\/v2\/types\/page"}],"author":[{"embeddable":true,"href":"https:\/\/scm.org.co\/web\/wp-json\/wp\/v2\/users\/1"}],"replies":[{"embeddable":true,"href":"https:\/\/scm.org.co\/web\/wp-json\/wp\/v2\/comments?post=1896"}],"version-history":[{"count":13,"href":"https:\/\/scm.org.co\/web\/wp-json\/wp\/v2\/pages\/1896\/revisions"}],"predecessor-version":[{"id":2465,"href":"https:\/\/scm.org.co\/web\/wp-json\/wp\/v2\/pages\/1896\/revisions\/2465"}],"wp:attachment":[{"href":"https:\/\/scm.org.co\/web\/wp-json\/wp\/v2\/media?parent=1896"}],"curies":[{"name":"wp","href":"https:\/\/api.w.org\/{rel}","templated":true}]}}