{"id":1739,"date":"2024-11-17T17:25:57","date_gmt":"2024-11-17T22:25:57","guid":{"rendered":"https:\/\/scm.org.co\/web\/?page_id=1739"},"modified":"2025-05-08T16:25:31","modified_gmt":"2025-05-08T21:25:31","slug":"hoteles","status":"publish","type":"page","link":"https:\/\/scm.org.co\/web\/congresos\/congreso-colombiano-de-matematicas\/hoteles\/","title":{"rendered":"Hoteles"},"content":{"rendered":"\t\t<div data-elementor-type=\"wp-page\" data-elementor-id=\"1739\" class=\"elementor elementor-1739\" data-elementor-post-type=\"page\">\n\t\t\t\t<div class=\"elementor-element elementor-element-d04ee78 e-flex e-con-boxed e-con e-parent\" data-id=\"d04ee78\" data-element_type=\"container\" data-settings=\"{&quot;jet_parallax_layout_list&quot;:[]}\">\n\t\t\t\t\t<div class=\"e-con-inner\">\n\t\t<div class=\"elementor-element elementor-element-999c826 e-con-full e-flex e-con e-child\" data-id=\"999c826\" data-element_type=\"container\" data-settings=\"{&quot;background_background&quot;:&quot;classic&quot;,&quot;jet_parallax_layout_list&quot;:[]}\">\n\t\t\t\t<\/div>\n\t\t<div class=\"elementor-element elementor-element-3c8649b e-con-full e-flex e-con e-child\" data-id=\"3c8649b\" data-element_type=\"container\" data-settings=\"{&quot;background_background&quot;:&quot;slideshow&quot;,&quot;background_slideshow_gallery&quot;:[{&quot;id&quot;:1796,&quot;url&quot;:&quot;https:\\\/\\\/scm.org.co\\\/web\\\/wp-content\\\/uploads\\\/2024\\\/11\\\/Banner-Congreso-hoteles.png&quot;}],&quot;jet_parallax_layout_list&quot;:[],&quot;background_slideshow_loop&quot;:&quot;yes&quot;,&quot;background_slideshow_slide_duration&quot;:5000,&quot;background_slideshow_slide_transition&quot;:&quot;fade&quot;,&quot;background_slideshow_transition_duration&quot;:500}\">\n\t\t\t\t<div class=\"elementor-element elementor-element-6e01005 elementor-widget elementor-widget-heading\" data-id=\"6e01005\" data-element_type=\"widget\" data-widget_type=\"heading.default\">\n\t\t\t\t<div class=\"elementor-widget-container\">\n\t\t\t\t\t<h2 class=\"elementor-heading-title elementor-size-default\">SCM<\/h2>\t\t\t\t<\/div>\n\t\t\t\t<\/div>\n\t\t\t\t<div class=\"elementor-element elementor-element-bc03bdd elementor-widget elementor-widget-heading\" data-id=\"bc03bdd\" data-element_type=\"widget\" data-widget_type=\"heading.default\">\n\t\t\t\t<div class=\"elementor-widget-container\">\n\t\t\t\t\t<h1 class=\"elementor-heading-title elementor-size-default\">XXIV Congreso Colombiano de Matem\u00e1ticas - Hoteles<\/h1>\t\t\t\t<\/div>\n\t\t\t\t<\/div>\n\t\t\t\t<\/div>\n\t\t\t\t\t<\/div>\n\t\t\t\t<\/div>\n\t\t<div class=\"elementor-element elementor-element-583fe04 e-flex e-con-boxed e-con e-parent\" data-id=\"583fe04\" data-element_type=\"container\" data-settings=\"{&quot;jet_parallax_layout_list&quot;:[]}\">\n\t\t\t\t\t<div class=\"e-con-inner\">\n\t\t<div class=\"elementor-element elementor-element-30cde75 e-con-full e-flex e-con e-child\" data-id=\"30cde75\" data-element_type=\"container\" data-settings=\"{&quot;background_background&quot;:&quot;classic&quot;,&quot;jet_parallax_layout_list&quot;:[]}\">\n\t\t<div class=\"elementor-element elementor-element-6304bc1 e-con-full elementor-hidden-mobile e-flex e-con e-child\" data-id=\"6304bc1\" data-element_type=\"container\" data-settings=\"{&quot;jet_parallax_layout_list&quot;:[]}\">\n\t\t\t\t<\/div>\n\t\t<div class=\"elementor-element elementor-element-a63d55e e-con-full e-flex e-con e-child\" data-id=\"a63d55e\" data-element_type=\"container\" data-settings=\"{&quot;jet_parallax_layout_list&quot;:[]}\">\n\t\t\t\t<div class=\"elementor-element elementor-element-07af1b8 elementor-align-right elementor-widget elementor-widget-button\" data-id=\"07af1b8\" data-element_type=\"widget\" data-widget_type=\"button.default\">\n\t\t\t\t<div class=\"elementor-widget-container\">\n\t\t\t\t\t\t\t\t\t<div class=\"elementor-button-wrapper\">\n\t\t\t\t\t<a class=\"elementor-button elementor-button-link elementor-size-sm\" href=\"https:\/\/scm.org.co\/web\/congresos\/congreso-colombiano-de-matematicas\/\">\n\t\t\t\t\t\t<span class=\"elementor-button-content-wrapper\">\n\t\t\t\t\t\t\t\t\t<span class=\"elementor-button-text\">&nbsp;&nbsp;&nbsp;&nbsp;&nbsp;&nbsp;&nbsp;&nbsp;Inicio&nbsp;&nbsp;&nbsp;&nbsp;&nbsp;&nbsp;&nbsp;&nbsp;<\/span>\n\t\t\t\t\t<\/span>\n\t\t\t\t\t<\/a>\n\t\t\t\t<\/div>\n\t\t\t\t\t\t\t\t<\/div>\n\t\t\t\t<\/div>\n\t\t\t\t<\/div>\n\t\t<div class=\"elementor-element elementor-element-440823c e-con-full e-flex e-con e-child\" data-id=\"440823c\" data-element_type=\"container\" data-settings=\"{&quot;jet_parallax_layout_list&quot;:[]}\">\n\t\t\t\t<div class=\"elementor-element elementor-element-fb16937 elementor-align-right elementor-widget elementor-widget-button\" data-id=\"fb16937\" data-element_type=\"widget\" data-widget_type=\"button.default\">\n\t\t\t\t<div class=\"elementor-widget-container\">\n\t\t\t\t\t\t\t\t\t<div class=\"elementor-button-wrapper\">\n\t\t\t\t\t<a class=\"elementor-button elementor-button-link elementor-size-sm\" href=\"https:\/\/scm.org.co\/web\/congresos\/congreso-colombiano-de-matematicas\/registro\">\n\t\t\t\t\t\t<span class=\"elementor-button-content-wrapper\">\n\t\t\t\t\t\t\t\t\t<span class=\"elementor-button-text\">&nbsp;&nbsp;&nbsp;&nbsp;&nbsp;&nbsp;Registro&nbsp;&nbsp;&nbsp;&nbsp;&nbsp;&nbsp;<\/span>\n\t\t\t\t\t<\/span>\n\t\t\t\t\t<\/a>\n\t\t\t\t<\/div>\n\t\t\t\t\t\t\t\t<\/div>\n\t\t\t\t<\/div>\n\t\t\t\t<\/div>\n\t\t<div class=\"elementor-element elementor-element-b923080 e-con-full e-flex e-con e-child\" data-id=\"b923080\" data-element_type=\"container\" data-settings=\"{&quot;jet_parallax_layout_list&quot;:[]}\">\n\t\t\t\t<div class=\"elementor-element elementor-element-2aa624d elementor-align-right elementor-widget elementor-widget-button\" data-id=\"2aa624d\" data-element_type=\"widget\" data-widget_type=\"button.default\">\n\t\t\t\t<div class=\"elementor-widget-container\">\n\t\t\t\t\t\t\t\t\t<div class=\"elementor-button-wrapper\">\n\t\t\t\t\t<a class=\"elementor-button elementor-button-link elementor-size-sm\" href=\"https:\/\/scm.org.co\/web\/congresos\/congreso-colombiano-de-matematicas\/ponencias\">\n\t\t\t\t\t\t<span class=\"elementor-button-content-wrapper\">\n\t\t\t\t\t\t\t\t\t<span class=\"elementor-button-text\">&nbsp;&nbsp;&nbsp;&nbsp;&nbsp;Ponencias&nbsp;&nbsp;&nbsp;&nbsp;&nbsp;<\/span>\n\t\t\t\t\t<\/span>\n\t\t\t\t\t<\/a>\n\t\t\t\t<\/div>\n\t\t\t\t\t\t\t\t<\/div>\n\t\t\t\t<\/div>\n\t\t\t\t<\/div>\n\t\t<div class=\"elementor-element elementor-element-33509d4 e-con-full e-flex e-con e-child\" data-id=\"33509d4\" data-element_type=\"container\" data-settings=\"{&quot;jet_parallax_layout_list&quot;:[]}\">\n\t\t\t\t<div class=\"elementor-element elementor-element-f80519c elementor-align-right elementor-widget elementor-widget-button\" data-id=\"f80519c\" data-element_type=\"widget\" data-widget_type=\"button.default\">\n\t\t\t\t<div class=\"elementor-widget-container\">\n\t\t\t\t\t\t\t\t\t<div class=\"elementor-button-wrapper\">\n\t\t\t\t\t<a class=\"elementor-button elementor-button-link elementor-size-sm\" href=\"https:\/\/scm.org.co\/web\/congresos\/congreso-colombiano-de-matematicas\/costos\">\n\t\t\t\t\t\t<span class=\"elementor-button-content-wrapper\">\n\t\t\t\t\t\t\t\t\t<span class=\"elementor-button-text\">&nbsp;&nbsp;&nbsp;&nbsp;&nbsp;&nbsp;&nbsp;Costos&nbsp;&nbsp;&nbsp;&nbsp;&nbsp;&nbsp;<\/span>\n\t\t\t\t\t<\/span>\n\t\t\t\t\t<\/a>\n\t\t\t\t<\/div>\n\t\t\t\t\t\t\t\t<\/div>\n\t\t\t\t<\/div>\n\t\t\t\t<\/div>\n\t\t<div class=\"elementor-element elementor-element-739d137 e-con-full e-flex e-con e-child\" data-id=\"739d137\" data-element_type=\"container\" data-settings=\"{&quot;jet_parallax_layout_list&quot;:[]}\">\n\t\t\t\t<div class=\"elementor-element elementor-element-3af7ab6 jet-dropbar-position-bottom-left elementor-widget elementor-widget-jet-dropbar\" data-id=\"3af7ab6\" data-element_type=\"widget\" data-widget_type=\"jet-dropbar.default\">\n\t\t\t\t<div class=\"elementor-widget-container\">\n\t\t\t\t\t<div class=\"elementor-jet-dropbar jet-elements\">\n<div class=\"jet-dropbar jet-dropbar--none-effect\" data-settings=\"{&quot;mode&quot;:&quot;hover&quot;,&quot;hide_delay&quot;:500,&quot;ajax_template&quot;:&quot;false&quot;,&quot;template_id&quot;:false,&quot;signature&quot;:&quot;a4d264f3e518a2801dbb64d53de466f3&quot;}\">\n\t<div class=\"jet-dropbar__inner\">\n<button class=\"jet-dropbar__button\"><span class=\"jet-dropbar__button-text\">&nbsp;&nbsp;Informaci\u00f3n&nbsp;&nbsp;<\/span><\/button>\n<div class=\"jet-dropbar__content-wrapper\">\n\t<div class=\"jet-dropbar__content\"><p><strong><a href=\"https:\/\/scm.org.co\/web\/congresos\/congreso-colombiano-de-matematicas\/turismo\/\">Turismo<\/a><\/strong><\/p><p><strong><a href=\"https:\/\/scm.org.co\/web\/congresos\/congreso-colombiano-de-matematicas\/hoteles\">Hoteles<\/a><\/strong><\/p><\/div>\n<\/div><\/div>\n<\/div>\n<\/div>\t\t\t\t<\/div>\n\t\t\t\t<\/div>\n\t\t\t\t<\/div>\n\t\t<div class=\"elementor-element elementor-element-8f09558 e-con-full e-flex e-con e-child\" data-id=\"8f09558\" data-element_type=\"container\" data-settings=\"{&quot;jet_parallax_layout_list&quot;:[]}\">\n\t\t\t\t<div class=\"elementor-element elementor-element-377def0 elementor-widget elementor-widget-button\" data-id=\"377def0\" data-element_type=\"widget\" data-widget_type=\"button.default\">\n\t\t\t\t<div class=\"elementor-widget-container\">\n\t\t\t\t\t\t\t\t\t<div class=\"elementor-button-wrapper\">\n\t\t\t\t\t<a class=\"elementor-button elementor-button-link elementor-size-sm\" href=\"https:\/\/scm.org.co\/web\/eventos\/\" target=\"_blank\">\n\t\t\t\t\t\t<span class=\"elementor-button-content-wrapper\">\n\t\t\t\t\t\t\t\t\t<span class=\"elementor-button-text\">Programaci\u00f3n<\/span>\n\t\t\t\t\t<\/span>\n\t\t\t\t\t<\/a>\n\t\t\t\t<\/div>\n\t\t\t\t\t\t\t\t<\/div>\n\t\t\t\t<\/div>\n\t\t\t\t<\/div>\n\t\t<div class=\"elementor-element elementor-element-d34c76d e-con-full elementor-hidden-mobile e-flex e-con e-child\" data-id=\"d34c76d\" data-element_type=\"container\" data-settings=\"{&quot;jet_parallax_layout_list&quot;:[]}\">\n\t\t\t\t<\/div>\n\t\t\t\t<\/div>\n\t\t\t\t\t<\/div>\n\t\t\t\t<\/div>\n\t\t<div class=\"elementor-element elementor-element-debca08 e-flex e-con-boxed e-con e-parent\" data-id=\"debca08\" data-element_type=\"container\" data-settings=\"{&quot;jet_parallax_layout_list&quot;:[]}\">\n\t\t\t\t\t<div class=\"e-con-inner\">\n\t\t\t\t<div class=\"elementor-element elementor-element-212b4bf elementor-widget elementor-widget-heading\" data-id=\"212b4bf\" data-element_type=\"widget\" data-widget_type=\"heading.default\">\n\t\t\t\t<div class=\"elementor-widget-container\">\n\t\t\t\t\t<h2 class=\"elementor-heading-title elementor-size-default\">Informaci\u00f3n Hotelera<\/h2>\t\t\t\t<\/div>\n\t\t\t\t<\/div>\n\t\t\t\t\t<\/div>\n\t\t\t\t<\/div>\n\t\t<div class=\"elementor-element elementor-element-e54f40f e-flex e-con-boxed e-con e-parent\" data-id=\"e54f40f\" data-element_type=\"container\" data-settings=\"{&quot;jet_parallax_layout_list&quot;:[]}\">\n\t\t\t\t\t<div class=\"e-con-inner\">\n\t\t\t\t<div class=\"elementor-element elementor-element-ed0b816 elementor-widget elementor-widget-text-editor\" data-id=\"ed0b816\" data-element_type=\"widget\" data-widget_type=\"text-editor.default\">\n\t\t\t\t<div class=\"elementor-widget-container\">\n\t\t\t\t\t\t\t\t\t<p class=\"\" data-start=\"914\" data-end=\"1250\">Si planeas asistir al XXIV Congreso Colombiano de Matem\u00e1ticas en Pereira, te recomendamos tres opciones de alojamiento c\u00f3modas, seguras y bien ubicadas en el centro de la ciudad. Estos hoteles ofrecen habitaciones individuales y m\u00faltiples, con desayuno incluido, lo que los convierte en una opci\u00f3n pr\u00e1ctica y econ\u00f3mica para tu estad\u00eda.<\/p><p class=\"\" data-start=\"1252\" data-end=\"1277\"><strong data-start=\"1252\" data-end=\"1277\">Hoteles recomendados:<\/strong><\/p><ol data-start=\"1279\" data-end=\"1920\"><li class=\"\" data-start=\"1279\" data-end=\"1497\"><p class=\"\" data-start=\"1282\" data-end=\"1497\"><strong data-start=\"1282\" data-end=\"1302\">Hotel San Ferm\u00edn<\/strong><br data-start=\"1302\" data-end=\"1305\" \/>\ud83d\udccd Direcci\u00f3n: Calle 17 # 5 &#8211; 39, Pereira<br data-start=\"1345\" data-end=\"1348\" \/>\ud83d\udcde Tel\u00e9fono: 312 2890 894<br data-start=\"1373\" data-end=\"1376\" \/>\ud83d\udc69 Contacto: Sra. Ana Gonz\u00e1lez<br data-start=\"1406\" data-end=\"1409\" \/>\ud83d\udd17 <a class=\"\" href=\"https:\/\/www.booking.com\/hotel\/co\/san-fermin-pereira.es.html\" target=\"_new\" rel=\"noopener\" data-start=\"1412\" data-end=\"1497\">Reserva en Booking.com<\/a><\/p><\/li><li class=\"\" data-start=\"1499\" data-end=\"1727\"><p class=\"\" data-start=\"1502\" data-end=\"1727\"><strong data-start=\"1502\" data-end=\"1517\">Hotel Zandu<\/strong><br data-start=\"1517\" data-end=\"1520\" \/>\ud83d\udccd Direcci\u00f3n: Calle 17 # 6 &#8211; 15, Pereira<br data-start=\"1560\" data-end=\"1563\" \/>\ud83d\udcde Tel\u00e9fonos: 305 333 5753 \/ 310 651 1355<br data-start=\"1604\" data-end=\"1607\" \/>\ud83d\udd17 <a class=\"cursor-pointer\" href=\"https:\/\/www.booking.com\/hotel\/co\/zandu.es.html?aid=304142&amp;label=gen173nr-1FCBcoggI46AdIM1gEaDKIAQGYAQq4ARfIAQzYAQHoAQH4AQyIAgGoAgO4AuW1kr8GwAIB0gIkYWI4OTAwZDMtZjJiMS00Nzk3LWFjMDQtOTkxN2E1MjA3OGM32AIG4AIB&amp;sid=44f9d6547c144b84da28d652e8a1c485&amp;all_sr_blocks=53936503_173381819_2_0_0&amp;checkin=2025-04-03&amp;checkout=2025-04-04&amp;dest_id=539365&amp;dest_type=hotel&amp;dist=0&amp;group_adults=2&amp;group_children=0&amp;hapos=1&amp;highlighted_blocks=53936503_173381819_2_0_0&amp;hpos=1&amp;matching_block_id=53936503_173381819_2_0_0&amp;no_rooms=1&amp;req_adults=2&amp;req_children=0&amp;room1=A%2CA&amp;sb_price_type=total&amp;sr_order=popularity&amp;sr_pri_blocks=53936503_173381819_2_0_0__10500000&amp;srepoch=1743035127&amp;srpvid=099802f92d01006d&amp;type=total&amp;ucfs=1&amp;\" target=\"_new\" rel=\"noopener\" data-start=\"1610\" data-end=\"1725\">Consulta precios actualizados 2025<\/a><\/p><\/li><li class=\"\" data-start=\"1729\" data-end=\"1920\"><p class=\"\" data-start=\"1732\" data-end=\"1920\"><strong data-start=\"1732\" data-end=\"1752\">Hotel La Cosecha<\/strong><br data-start=\"1752\" data-end=\"1755\" \/>\ud83d\udccd Direcci\u00f3n: Carrera 6 # 24 &#8211; 25, Pereira<br data-start=\"1797\" data-end=\"1800\" \/>\ud83d\udcde Tel\u00e9fono: 312 255 9356<br data-start=\"1825\" data-end=\"1828\" \/>\ud83d\udd17 <a class=\"cursor-pointer\" href=\"https:\/\/co.hoteles.com\/ho1245385568\/hotel-la-cosecha-pereira-colombia\/?locale=es_CO&amp;pos=HCOM_LATAM&amp;siteid=312700003\" target=\"_new\" rel=\"noopener\" data-start=\"1831\" data-end=\"1920\">Ver en Hoteles.com<\/a><\/p><\/li><\/ol><p class=\"\" data-start=\"2307\" data-end=\"2387\">\u00a1Te recomendamos hacer tu reserva con anticipaci\u00f3n para asegurar disponibilidad!<\/p>\t\t\t\t\t\t\t\t<\/div>\n\t\t\t\t<\/div>\n\t\t\t\t\t<\/div>\n\t\t\t\t<\/div>\n\t\t\t\t<\/div>\n\t\t","protected":false},"excerpt":{"rendered":"<p>SCM XXIV Congreso Colombiano de Matem\u00e1ticas &#8211; Hoteles &nbsp;&nbsp;&nbsp;&nbsp;&nbsp;&nbsp;&nbsp;&nbsp;Inicio&nbsp;&nbsp;&nbsp;&nbsp;&nbsp;&nbsp;&nbsp;&nbsp; &nbsp;&nbsp;&nbsp;&nbsp;&nbsp;&nbsp;Registro&nbsp;&nbsp;&nbsp;&nbsp;&nbsp;&nbsp; &nbsp;&nbsp;&nbsp;&nbsp;&nbsp;Ponencias&nbsp;&nbsp;&nbsp;&nbsp;&nbsp; &nbsp;&nbsp;&nbsp;&nbsp;&nbsp;&nbsp;&nbsp;Costos&nbsp;&nbsp;&nbsp;&nbsp;&nbsp;&nbsp; &nbsp;&nbsp;Informaci\u00f3n&nbsp;&nbsp; Turismo Hoteles Programaci\u00f3n Informaci\u00f3n Hotelera Si planeas asistir al XXIV Congreso Colombiano de Matem\u00e1ticas en Pereira, te recomendamos tres opciones de alojamiento c\u00f3modas, seguras y bien ubicadas en el centro de la ciudad. Estos hoteles ofrecen habitaciones individuales y m\u00faltiples, con desayuno [&hellip;]<\/p>\n","protected":false},"author":1,"featured_media":0,"parent":238,"menu_order":0,"comment_status":"closed","ping_status":"closed","template":"","meta":{"footnotes":""},"class_list":["post-1739","page","type-page","status-publish","hentry"],"_links":{"self":[{"href":"https:\/\/scm.org.co\/web\/wp-json\/wp\/v2\/pages\/1739","targetHints":{"allow":["GET"]}}],"collection":[{"href":"https:\/\/scm.org.co\/web\/wp-json\/wp\/v2\/pages"}],"about":[{"href":"https:\/\/scm.org.co\/web\/wp-json\/wp\/v2\/types\/page"}],"author":[{"embeddable":true,"href":"https:\/\/scm.org.co\/web\/wp-json\/wp\/v2\/users\/1"}],"replies":[{"embeddable":true,"href":"https:\/\/scm.org.co\/web\/wp-json\/wp\/v2\/comments?post=1739"}],"version-history":[{"count":16,"href":"https:\/\/scm.org.co\/web\/wp-json\/wp\/v2\/pages\/1739\/revisions"}],"predecessor-version":[{"id":3439,"href":"https:\/\/scm.org.co\/web\/wp-json\/wp\/v2\/pages\/1739\/revisions\/3439"}],"up":[{"embeddable":true,"href":"https:\/\/scm.org.co\/web\/wp-json\/wp\/v2\/pages\/238"}],"wp:attachment":[{"href":"https:\/\/scm.org.co\/web\/wp-json\/wp\/v2\/media?parent=1739"}],"curies":[{"name":"wp","href":"https:\/\/api.w.org\/{rel}","templated":true}]}}